{"id":3904,"date":"2024-09-13T12:33:44","date_gmt":"2024-09-13T17:33:44","guid":{"rendered":"https:\/\/opusmagnumcol.com\/?post_type=product&#038;p=3904"},"modified":"2024-09-14T09:15:17","modified_gmt":"2024-09-14T14:15:17","slug":"corporate-mandala","status":"publish","type":"product","link":"https:\/\/opusmagnumcol.com\/es\/producto\/corporate-mandala\/","title":{"rendered":"Mandala Corporativo"},"content":{"rendered":"<p>Este mandala de MDF, bellamente elaborado, sirve como una pieza decorativa impactante, combinando arte y funcionalidad. Perfecto para agregar un toque art\u00edstico a cualquier espacio, es un regalo corporativo \u00fanico que deja una impresi\u00f3n duradera.<\/p>\n<p>&nbsp;<\/p>\n<p>Puedes grabar tu logotipo en el centro del mandala.<\/p>\n<p>&nbsp;<\/p>\n<p>Dimensions: 38 cm x 38 cm x 3.5 cm<\/p>\n<p>&nbsp;<\/p>\n<p>The Mandala is made from woods of colors Wengue and Cedar.<\/p>\n<p>&nbsp;<\/p>\n<p>La cantidad m\u00ednima de pedido es de 10 unidades por color para personalizar el producto con tu logotipo.<\/p>\n<p>&nbsp;<\/p>\n<p>Si deseas alguna personalizaci\u00f3n adicional, podemos hacerlo. Por favor, cont\u00e1ctanos y cu\u00e9ntanos lo que tienes en mente, haremos todo lo posible para convertirlo en realidad.<\/p>\n<p>&nbsp;<\/p>\n<p>\u00a1Sorprender\u00e1s a todos tus empleados y clientes con estos regalos pr\u00e1cticos y elegantes!<\/p>\n<p>&nbsp;<\/p>\n<p>IMPORTANTE: Las fechas de fabricaci\u00f3n y env\u00edo de nuestros productos de regalos corporativos dependen de la cola de producci\u00f3n. Si necesitas los productos para una fecha determinada, por favor cont\u00e1ctanos antes de realizar el pedido para asegurarte que podamos fabricar tus productos en el tiempo requerido.<\/p>","protected":false},"excerpt":{"rendered":"<p>Este mandala de MDF, bellamente elaborado, sirve como una pieza decorativa impactante, combinando arte y funcionalidad. Perfecto para agregar un toque art\u00edstico a cualquier espacio, es un regalo corporativo \u00fanico que deja una impresi\u00f3n duradera.<\/p>\n<p>&nbsp;<\/p>\n<p>IMPORTANTE: Las fechas de fabricaci\u00f3n y env\u00edo de nuestros productos de regalos corporativos dependen de la cola de producci\u00f3n. Si necesitas los productos para una fecha determinada, por favor cont\u00e1ctanos antes de realizar el pedido para asegurarte que podamos fabricar tus productos en el tiempo requerido.<\/p>","protected":false},"featured_media":3909,"template":"","meta":[],"product_cat":[111],"product_tag":[116,115,91,117],"_links":{"self":[{"href":"https:\/\/opusmagnumcol.com\/es\/wp-json\/wp\/v2\/product\/3904"}],"collection":[{"href":"https:\/\/opusmagnumcol.com\/es\/wp-json\/wp\/v2\/product"}],"about":[{"href":"https:\/\/opusmagnumcol.com\/es\/wp-json\/wp\/v2\/types\/product"}],"wp:featuredmedia":[{"embeddable":true,"href":"https:\/\/opusmagnumcol.com\/es\/wp-json\/wp\/v2\/media\/3909"}],"wp:attachment":[{"href":"https:\/\/opusmagnumcol.com\/es\/wp-json\/wp\/v2\/media?parent=3904"}],"wp:term":[{"taxonomy":"product_cat","embeddable":true,"href":"https:\/\/opusmagnumcol.com\/es\/wp-json\/wp\/v2\/product_cat?post=3904"},{"taxonomy":"product_tag","embeddable":true,"href":"https:\/\/opusmagnumcol.com\/es\/wp-json\/wp\/v2\/product_tag?post=3904"}],"curies":[{"name":"wp","href":"https:\/\/api.w.org\/{rel}","templated":true}]}}