{"id":3895,"date":"2024-09-13T12:02:18","date_gmt":"2024-09-13T17:02:18","guid":{"rendered":"https:\/\/opusmagnumcol.com\/?post_type=product&#038;p=3895"},"modified":"2024-09-14T09:42:19","modified_gmt":"2024-09-14T14:42:19","slug":"desktop-organizer","status":"publish","type":"product","link":"https:\/\/opusmagnumcol.com\/es\/producto\/desktop-organizer\/","title":{"rendered":"Organizador de Escritorio"},"content":{"rendered":"<p>Acaba con el desorden en tu espacio de trabajo con este pr\u00e1ctico organizador de escritorio de MDF. Con m\u00faltiples compartimentos para bol\u00edgrafos, notas adhesivas y un soporte para tel\u00e9fono, es un regalo funcional que ser\u00e1 apreciado tanto por clientes como empleados. Viene desplegado, lo que le da un toque innovador; tendr\u00e1s que doblarlo y ensamblarlo para usarlo.<\/p>\n<p>&nbsp;<\/p>\n<p>Puedes grabar tu logotipo en la parte superior de la cara frontal del soporte para tel\u00e9fono.<\/p>\n<p>&nbsp;<\/p>\n<p>Dimensiones Desplegado: 38 cm x 27 cm x 2.8 cm<\/p>\n<p>&nbsp;<\/p>\n<p>Dimensiones Doblado: 27 cm x 13 cm x 10.5 cm<\/p>\n<p>&nbsp;<\/p>\n<p>Puedes escoger entre 3 colores disponibles: Wengue, Cedro y Blanco.<\/p>\n<p>&nbsp;<\/p>\n<p>La cantidad m\u00ednima de pedido es de 10 unidades por color para personalizar el producto con tu logotipo.<\/p>\n<p>&nbsp;<\/p>\n<p>Si deseas alguna personalizaci\u00f3n adicional, podemos hacerlo. Por favor, cont\u00e1ctanos y cu\u00e9ntanos lo que tienes en mente, haremos todo lo posible para convertirlo en realidad.<\/p>\n<p>&nbsp;<\/p>\n<p>\u00a1Sorprender\u00e1s a todos tus empleados y clientes con estos regalos pr\u00e1cticos y elegantes!<\/p>\n<p>&nbsp;<\/p>\n<p>IMPORTANTE: Las fechas de fabricaci\u00f3n y env\u00edo de nuestros productos de regalos corporativos dependen de la cola de producci\u00f3n. Si necesitas los productos para una fecha determinada, por favor cont\u00e1ctanos antes de realizar el pedido para asegurarte que podamos fabricar tus productos en el tiempo requerido.<\/p>","protected":false},"excerpt":{"rendered":"<p>Acaba con el desorden en tu espacio de trabajo con este pr\u00e1ctico organizador de escritorio de MDF. Con m\u00faltiples compartimentos para bol\u00edgrafos, notas adhesivas y un soporte para tel\u00e9fono, es un regalo funcional que ser\u00e1 apreciado tanto por clientes como empleados. Viene desplegado, lo que le da un toque innovador; tendr\u00e1s que doblarlo y ensamblarlo para usarlo.<\/p>\n<p>&nbsp;<\/p>\n<p>IMPORTANTE: Las fechas de fabricaci\u00f3n y env\u00edo de nuestros productos de regalos corporativos dependen de la cola de producci\u00f3n. Si necesitas los productos para una fecha determinada, por favor cont\u00e1ctanos antes de realizar el pedido para asegurarte que podamos fabricar tus productos en el tiempo requerido.<\/p>","protected":false},"featured_media":3899,"template":"","meta":[],"product_cat":[111],"product_tag":[116,125,115,117,126],"_links":{"self":[{"href":"https:\/\/opusmagnumcol.com\/es\/wp-json\/wp\/v2\/product\/3895"}],"collection":[{"href":"https:\/\/opusmagnumcol.com\/es\/wp-json\/wp\/v2\/product"}],"about":[{"href":"https:\/\/opusmagnumcol.com\/es\/wp-json\/wp\/v2\/types\/product"}],"wp:featuredmedia":[{"embeddable":true,"href":"https:\/\/opusmagnumcol.com\/es\/wp-json\/wp\/v2\/media\/3899"}],"wp:attachment":[{"href":"https:\/\/opusmagnumcol.com\/es\/wp-json\/wp\/v2\/media?parent=3895"}],"wp:term":[{"taxonomy":"product_cat","embeddable":true,"href":"https:\/\/opusmagnumcol.com\/es\/wp-json\/wp\/v2\/product_cat?post=3895"},{"taxonomy":"product_tag","embeddable":true,"href":"https:\/\/opusmagnumcol.com\/es\/wp-json\/wp\/v2\/product_tag?post=3895"}],"curies":[{"name":"wp","href":"https:\/\/api.w.org\/{rel}","templated":true}]}}