{"id":3885,"date":"2024-09-13T11:20:21","date_gmt":"2024-09-13T16:20:21","guid":{"rendered":"https:\/\/opusmagnumcol.com\/?post_type=product&#038;p=3885"},"modified":"2024-09-13T12:28:33","modified_gmt":"2024-09-13T17:28:33","slug":"phone-stand","status":"publish","type":"product","link":"https:\/\/opusmagnumcol.com\/es\/producto\/phone-stand\/","title":{"rendered":"Soporte Celular"},"content":{"rendered":"<p>Mant\u00e9n tu espacio de trabajo ordenado con este elegante soporte para tel\u00e9fono de MDF. Dise\u00f1ado para ofrecer comodidad y durabilidad, es perfecto como regalo corporativo, permitiendo a empleados o clientes tener sus dispositivos accesibles y organizados. Viene desplegado, lo que le da un toque innovador; tendr\u00e1s que doblarlo y ensamblarlo para usarlo.<\/p>\n<p>&nbsp;<\/p>\n<p>Puedes grabar tu logotipo en la parte superior de la cara frontal del soporte para tel\u00e9fono.<\/p>\n<p>&nbsp;<\/p>\n<p>Dimensiones Desplegado: 38 cm x 8 cm x 2.8 cm<\/p>\n<p>&nbsp;<\/p>\n<p>Dimensiones Doblado: 13 cm x 10.5 cm x 8 cm<\/p>\n<p>&nbsp;<\/p>\n<p>Puedes escoger entre 3 colores disponibles: Wengue, Cedro y Blanco.<\/p>\n<p>&nbsp;<\/p>\n<p>La cantidad m\u00ednima de pedido es de 10 unidades por color para personalizar el producto con tu logotipo.<\/p>\n<p>&nbsp;<\/p>\n<p>Si deseas alguna personalizaci\u00f3n adicional, podemos hacerlo. Por favor, cont\u00e1ctanos y cu\u00e9ntanos lo que tienes en mente, haremos todo lo posible para convertirlo en realidad.<\/p>\n<p>&nbsp;<\/p>\n<p>\u00a1Sorprender\u00e1s a todos tus empleados y clientes con estos regalos pr\u00e1cticos y elegantes!<\/p>\n<p>&nbsp;<\/p>\n<p>IMPORTANTE: Las fechas de fabricaci\u00f3n y env\u00edo de nuestros productos de regalos corporativos dependen de la cola de producci\u00f3n. Si necesitas los productos para una fecha determinada, por favor cont\u00e1ctanos antes de realizar el pedido para asegurarte que podamos fabricar tus productos en el tiempo requerido.<\/p>","protected":false},"excerpt":{"rendered":"<p>Mant\u00e9n tu espacio de trabajo ordenado con este elegante soporte para tel\u00e9fono de MDF. Dise\u00f1ado para ofrecer comodidad y durabilidad, es perfecto como regalo corporativo, permitiendo a empleados o clientes tener sus dispositivos accesibles y organizados. Viene desplegado, lo que le da un toque innovador; tendr\u00e1s que doblarlo y ensamblarlo para usarlo.<\/p>\n<p>&nbsp;<\/p>\n<p>IMPORTANTE: Las fechas de fabricaci\u00f3n y env\u00edo de nuestros productos de regalos corporativos dependen de la cola de producci\u00f3n. Si necesitas los productos para una fecha determinada, por favor cont\u00e1ctanos antes de realizar el pedido para asegurarte que podamos fabricar tus productos en el tiempo requerido.<\/p>","protected":false},"featured_media":3890,"template":"","meta":[],"product_cat":[111],"product_tag":[116,115,117,123,124],"_links":{"self":[{"href":"https:\/\/opusmagnumcol.com\/es\/wp-json\/wp\/v2\/product\/3885"}],"collection":[{"href":"https:\/\/opusmagnumcol.com\/es\/wp-json\/wp\/v2\/product"}],"about":[{"href":"https:\/\/opusmagnumcol.com\/es\/wp-json\/wp\/v2\/types\/product"}],"wp:featuredmedia":[{"embeddable":true,"href":"https:\/\/opusmagnumcol.com\/es\/wp-json\/wp\/v2\/media\/3890"}],"wp:attachment":[{"href":"https:\/\/opusmagnumcol.com\/es\/wp-json\/wp\/v2\/media?parent=3885"}],"wp:term":[{"taxonomy":"product_cat","embeddable":true,"href":"https:\/\/opusmagnumcol.com\/es\/wp-json\/wp\/v2\/product_cat?post=3885"},{"taxonomy":"product_tag","embeddable":true,"href":"https:\/\/opusmagnumcol.com\/es\/wp-json\/wp\/v2\/product_tag?post=3885"}],"curies":[{"name":"wp","href":"https:\/\/api.w.org\/{rel}","templated":true}]}}