{"id":3876,"date":"2024-09-13T10:42:42","date_gmt":"2024-09-13T15:42:42","guid":{"rendered":"https:\/\/opusmagnumcol.com\/?post_type=product&#038;p=3876"},"modified":"2024-09-13T13:23:14","modified_gmt":"2024-09-13T18:23:14","slug":"candle-holder","status":"publish","type":"product","link":"https:\/\/opusmagnumcol.com\/es\/producto\/candle-holder\/","title":{"rendered":"Candelabro"},"content":{"rendered":"<p>A\u00f1ade calidez a cualquier ambiente con este sencillo pero elegante portavelas de MDF. Su dise\u00f1o minimalista complementa cualquier decoraci\u00f3n, lo que lo convierte en un regalo corporativo ideal para quienes buscan crear una atm\u00f3sfera acogedora en el hogar o la oficina. Viene con una peque\u00f1a vela incluida.<\/p>\n<p>&nbsp;<\/p>\n<p>Puedes grabar tu logotipo en la parte superior del portavelas.<\/p>\n<p>&nbsp;<\/p>\n<p>Dimensiones: 10 cm x10 cm x 4.6 cm<\/p>\n<p>&nbsp;<\/p>\n<p>Puedes escoger entre 3 colores disponibles: Wengue, Cedro y Blanco.<\/p>\n<p>&nbsp;<\/p>\n<p>La cantidad m\u00ednima de pedido es de 10 unidades por color para personalizar el producto con tu logotipo.<\/p>\n<p>&nbsp;<\/p>\n<p>Si deseas alguna personalizaci\u00f3n adicional, podemos hacerlo. Por favor, cont\u00e1ctanos y cu\u00e9ntanos lo que tienes en mente, haremos todo lo posible para convertirlo en realidad.<\/p>\n<p>&nbsp;<\/p>\n<p>\u00a1Sorprender\u00e1s a todos tus empleados y clientes con estos regalos pr\u00e1cticos y elegantes!<\/p>\n<p>&nbsp;<\/p>\n<p>IMPORTANTE: Las fechas de fabricaci\u00f3n y env\u00edo de nuestros productos de regalos corporativos dependen de la cola de producci\u00f3n. Si necesitas los productos para una fecha determinada, por favor cont\u00e1ctanos antes de realizar el pedido para asegurarte que podamos fabricar tus productos en el tiempo requerido.<\/p>","protected":false},"excerpt":{"rendered":"<p>A\u00f1ade calidez a cualquier ambiente con este sencillo pero elegante portavelas de MDF. Su dise\u00f1o minimalista complementa cualquier decoraci\u00f3n, lo que lo convierte en un regalo corporativo ideal para quienes buscan crear una atm\u00f3sfera acogedora en el hogar o la oficina. Viene con una peque\u00f1a vela incluida.<\/p>\n<p>&nbsp;<\/p>\n<p>IMPORTANTE: Las fechas de fabricaci\u00f3n y env\u00edo de nuestros productos de regalos corporativos dependen de la cola de producci\u00f3n. Si necesitas los productos para una fecha determinada, por favor cont\u00e1ctanos antes de realizar el pedido para asegurarte que podamos fabricar tus productos en el tiempo requerido.<\/p>","protected":false},"featured_media":3877,"template":"","meta":[],"product_cat":[111],"product_tag":[121,116,115,122,117],"_links":{"self":[{"href":"https:\/\/opusmagnumcol.com\/es\/wp-json\/wp\/v2\/product\/3876"}],"collection":[{"href":"https:\/\/opusmagnumcol.com\/es\/wp-json\/wp\/v2\/product"}],"about":[{"href":"https:\/\/opusmagnumcol.com\/es\/wp-json\/wp\/v2\/types\/product"}],"wp:featuredmedia":[{"embeddable":true,"href":"https:\/\/opusmagnumcol.com\/es\/wp-json\/wp\/v2\/media\/3877"}],"wp:attachment":[{"href":"https:\/\/opusmagnumcol.com\/es\/wp-json\/wp\/v2\/media?parent=3876"}],"wp:term":[{"taxonomy":"product_cat","embeddable":true,"href":"https:\/\/opusmagnumcol.com\/es\/wp-json\/wp\/v2\/product_cat?post=3876"},{"taxonomy":"product_tag","embeddable":true,"href":"https:\/\/opusmagnumcol.com\/es\/wp-json\/wp\/v2\/product_tag?post=3876"}],"curies":[{"name":"wp","href":"https:\/\/api.w.org\/{rel}","templated":true}]}}