{"id":3871,"date":"2024-09-13T10:31:46","date_gmt":"2024-09-13T15:31:46","guid":{"rendered":"https:\/\/opusmagnumcol.com\/?post_type=product&#038;p=3871"},"modified":"2024-09-13T11:09:39","modified_gmt":"2024-09-13T16:09:39","slug":"box-4-coasters","status":"publish","type":"product","link":"https:\/\/opusmagnumcol.com\/es\/producto\/box-4-coasters\/","title":{"rendered":"Caja &amp; 4 Posavasos"},"content":{"rendered":"<p>Elegante y funcional, esta caja de MDF viene con un set de 4 posavasos con dise\u00f1os de mandalas, ofreciendo una soluci\u00f3n pr\u00e1ctica para proteger las superficies mientras agrega un toque de estilo. Es un regalo corporativo pensado tanto para el hogar como para la oficina.<\/p>\n<p>&nbsp;<\/p>\n<p>Puedes grabar tu logotipo en la caja y una versi\u00f3n m\u00e1s peque\u00f1a en los posavasos. Tambi\u00e9n puedes grabar un mensaje en el interior de la tapa de la caja.<\/p>\n<p>&nbsp;<\/p>\n<p>Dimensiones de la Caja: 10,9 cm x 10,8 cm x 2,7 cm<\/p>\n<p>&nbsp;<\/p>\n<p>Dimensiones de los Posavasos: 10 cm x 10 cm x 2,8 cm<\/p>\n<p>&nbsp;<\/p>\n<p>Puedes escoger entre 3 colores disponibles: Wengue, Cedro y Blanco.<\/p>\n<p>&nbsp;<\/p>\n<p>La cantidad m\u00ednima de pedido es de 10 unidades por color para personalizar el producto con tu logotipo.<\/p>\n<p>&nbsp;<\/p>\n<p>Si deseas alguna personalizaci\u00f3n adicional, podemos hacerlo. Por favor, cont\u00e1ctanos y cu\u00e9ntanos lo que tienes en mente, haremos todo lo posible para convertirlo en realidad.<\/p>\n<p>&nbsp;<\/p>\n<p>\u00a1Sorprender\u00e1s a todos tus empleados y clientes con estos regalos pr\u00e1cticos y elegantes!<\/p>\n<p>&nbsp;<\/p>\n<p>IMPORTANTE: Las fechas de fabricaci\u00f3n y env\u00edo de nuestros productos de regalos corporativos dependen de la cola de producci\u00f3n. Si necesitas los productos para una fecha determinada, por favor cont\u00e1ctanos antes de realizar el pedido para asegurarte que podamos fabricar tus productos en el tiempo requerido.<\/p>","protected":false},"excerpt":{"rendered":"<p>Elegante y funcional, esta caja de MDF viene con un set de 4 posavasos con dise\u00f1os de mandalas, ofreciendo una soluci\u00f3n pr\u00e1ctica para proteger las superficies mientras agrega un toque de estilo. Es un regalo corporativo pensado tanto para el hogar como para la oficina.<\/p>\n<p>&nbsp;<\/p>\n<p>IMPORTANTE: Las fechas de fabricaci\u00f3n y env\u00edo de nuestros productos de regalos corporativos dependen de la cola de producci\u00f3n. Si necesitas los productos para una fecha determinada, por favor cont\u00e1ctanos antes de realizar el pedido para asegurarte que podamos fabricar tus productos en el tiempo requerido.<\/p>","protected":false},"featured_media":3873,"template":"","meta":[],"product_cat":[111],"product_tag":[119,118,116,115,117],"_links":{"self":[{"href":"https:\/\/opusmagnumcol.com\/es\/wp-json\/wp\/v2\/product\/3871"}],"collection":[{"href":"https:\/\/opusmagnumcol.com\/es\/wp-json\/wp\/v2\/product"}],"about":[{"href":"https:\/\/opusmagnumcol.com\/es\/wp-json\/wp\/v2\/types\/product"}],"wp:featuredmedia":[{"embeddable":true,"href":"https:\/\/opusmagnumcol.com\/es\/wp-json\/wp\/v2\/media\/3873"}],"wp:attachment":[{"href":"https:\/\/opusmagnumcol.com\/es\/wp-json\/wp\/v2\/media?parent=3871"}],"wp:term":[{"taxonomy":"product_cat","embeddable":true,"href":"https:\/\/opusmagnumcol.com\/es\/wp-json\/wp\/v2\/product_cat?post=3871"},{"taxonomy":"product_tag","embeddable":true,"href":"https:\/\/opusmagnumcol.com\/es\/wp-json\/wp\/v2\/product_tag?post=3871"}],"curies":[{"name":"wp","href":"https:\/\/api.w.org\/{rel}","templated":true}]}}