{"id":3749,"date":"2024-08-05T20:15:01","date_gmt":"2024-08-06T01:15:01","guid":{"rendered":"https:\/\/opusmagnumcol.com\/?post_type=product&#038;p=3749"},"modified":"2024-08-05T20:18:35","modified_gmt":"2024-08-06T01:18:35","slug":"flor-de-loto-raw","status":"publish","type":"product","link":"https:\/\/opusmagnumcol.com\/es\/producto\/flor-de-loto-raw\/","title":{"rendered":"Flor de Loto (Crudo)"},"content":{"rendered":"<p>Inspirado en la flor de loto, este mandala presenta p\u00e9talos y motivos florales que simbolizan la pureza, la iluminaci\u00f3n y el crecimiento espiritual. El loto es un poderoso s\u00edmbolo de resiliencia y belleza emergente del lodo, record\u00e1ndonos nuestra capacidad para superar desaf\u00edos.<\/p>\n<p>&nbsp;<\/p>\n<p>Este mandala est\u00e1 hecho de 6 capas de MDF, el grosor de cada capa puede variar de 2,5 mm a 3 mm. Cada una viene ya cortada para que puedas pintar cada capa como desees. Te sugerimos usar pintura acr\u00edlica, y despu\u00e9s de eso puedes pegar cada capa para construir el mandala completo.<\/p>\n<p>&nbsp;<\/p>\n<p>Tambi\u00e9n tenemos un kit de pinturas que viene con pinceles y pegante, puedes verlo en la tienda.<\/p>\n<p>&nbsp;<\/p>\n<p>El mandala viene con clavos o chazos y tornillos dependiendo del tama\u00f1o que elijas, 20 cm y 40 cm vienen con clavos, 60 cm y m\u00e1s vienen con chazos y tornillos. El producto tiene agujeros en la parte posterior para colgarlo de los clavos o tornillos, por lo que se puede colgar f\u00e1cilmente en la pared. Si vas a instalar tu producto en un panel de yeso, te sugerimos que uses anclajes apropiados para este tipo de paredes, puedes conseguirlos en cualquier ferreter\u00eda.<\/p>\n<p>&nbsp;<\/p>\n<p>Tambi\u00e9n viene con una plantilla para que puedas hacer los agujeros en la pared y colocar tu producto f\u00e1cilmente.<\/p>\n<p>&nbsp;<\/p>\n<p>El mandala viene empacado en una caja de cart\u00f3n corrugado y protegido con pl\u00e1stico burbuja.<\/p>\n<p>&nbsp;<\/p>\n<p><strong>IMPORTANTE<\/strong>Este es un producto artesanal y lo fabricamos por encargo, lo que significa que nos tomar\u00e1 1 semana tener tu producto listo para enviar. Por favor, ten en cuenta este tiempo antes de realizar tu pedido. Si lo necesitas antes, por favor escr\u00edbenos para verificar qu\u00e9 modelos tenemos en stock en este momento. Puedes encontrar la informaci\u00f3n de contacto en la secci\u00f3n \"Cont\u00e1ctanos\"<\/p>","protected":false},"excerpt":{"rendered":"<p>Inspirado en la flor de loto, este mandala presenta p\u00e9talos y motivos florales que simbolizan la pureza, la iluminaci\u00f3n y el crecimiento espiritual. El loto es un poderoso s\u00edmbolo de resiliencia y belleza emergente del lodo, record\u00e1ndonos nuestra capacidad para superar desaf\u00edos.<\/p>\n<p>&nbsp;<\/p>\n<p><strong>IMPORTANTE<\/strong>: Este es un producto artesanal y lo fabricamos por encargo. Esto significa que nos tomar\u00e1 1 semana tener tu producto listo para enviarlo. Puedes encontrar m\u00e1s detalles en la descripci\u00f3n completa abajo.<\/p>","protected":false},"featured_media":3755,"template":"","meta":[],"product_cat":[110],"product_tag":[95,77,96,91,76],"_links":{"self":[{"href":"https:\/\/opusmagnumcol.com\/es\/wp-json\/wp\/v2\/product\/3749"}],"collection":[{"href":"https:\/\/opusmagnumcol.com\/es\/wp-json\/wp\/v2\/product"}],"about":[{"href":"https:\/\/opusmagnumcol.com\/es\/wp-json\/wp\/v2\/types\/product"}],"wp:featuredmedia":[{"embeddable":true,"href":"https:\/\/opusmagnumcol.com\/es\/wp-json\/wp\/v2\/media\/3755"}],"wp:attachment":[{"href":"https:\/\/opusmagnumcol.com\/es\/wp-json\/wp\/v2\/media?parent=3749"}],"wp:term":[{"taxonomy":"product_cat","embeddable":true,"href":"https:\/\/opusmagnumcol.com\/es\/wp-json\/wp\/v2\/product_cat?post=3749"},{"taxonomy":"product_tag","embeddable":true,"href":"https:\/\/opusmagnumcol.com\/es\/wp-json\/wp\/v2\/product_tag?post=3749"}],"curies":[{"name":"wp","href":"https:\/\/api.w.org\/{rel}","templated":true}]}}