{"id":3730,"date":"2024-08-02T12:06:29","date_gmt":"2024-08-02T17:06:29","guid":{"rendered":"https:\/\/opusmagnumcol.com\/?post_type=product&#038;p=3730"},"modified":"2024-08-02T12:22:14","modified_gmt":"2024-08-02T17:22:14","slug":"azteca-panel","status":"publish","type":"product","link":"https:\/\/opusmagnumcol.com\/es\/producto\/azteca-panel\/","title":{"rendered":"Azteca Panel"},"content":{"rendered":"<p>Este panel mandala se inspira en el rico patrimonio cultural y la intrincada artesan\u00eda de la civilizaci\u00f3n azteca. Su dise\u00f1o refleja la precisi\u00f3n geom\u00e9trica y los elementos simb\u00f3licos presentes en el arte azteca antiguo, representando la conexi\u00f3n entre el cosmos y la tierra. Cada detalle encarna el poder, la sabidur\u00eda y la profundidad espiritual de la cultura azteca.<\/p>\n<p>&nbsp;<\/p>\n<p>Este panel mandala est\u00e1 hecho de 6 capas de MDF, el grosor de cada capa puede variar de 2.5 mm a 3 mm. Cada una est\u00e1 pintada con aer\u00f3grafo usando pintura acr\u00edlica y luego se termina con un barniz mate protector.<\/p>\n<p>&nbsp;<\/p>\n<p>El panel mandala viene con clavos o chazos y tornillos dependiendo del tama\u00f1o que elijas, 22.5\u00d712.5cm y 45x25cm vienen con clavos, 67.5\u00d737.5cm y m\u00e1s vienen con chazos y tornillos. El producto tiene agujeros en la parte posterior para colgarlo de los clavos o tornillos, por lo que se puede colgar f\u00e1cilmente en la pared. Si vas a instalar tu producto en un panel de yeso, te sugerimos que uses anclajes apropiados para este tipo de paredes, puedes conseguirlos en cualquier ferreter\u00eda.<\/p>\n<p>&nbsp;<\/p>\n<p>Tambi\u00e9n viene con una plantilla para que puedas hacer los agujeros en la pared y colocar tu producto f\u00e1cilmente.<\/p>\n<p>&nbsp;<\/p>\n<p>The mandala panelcomes packed in a corrugated carton box and protected with bubble wrap.<\/p>\n<p>&nbsp;<\/p>\n<p><strong>IMPORTANTE<\/strong>: Este es un producto es artesanal y lo fabricamos por encargo, lo que significa que nos tomar\u00e1 2 semanas tener tu producto listo para enviar. Por favor, toma en cuenta este tiempo antes de realizar el pedido. Si lo necesitas antes, por favor escr\u00edbenos para verificar qu\u00e9 modelos tenemos en stock en ese momento. Puedes encontrar la informaci\u00f3n de contacto en la secci\u00f3n \"Cont\u00e1ctanos\".<\/p>\n<p>&nbsp;<\/p>\n<p>If you want to customize the colors of your mandala panel please contact us before you place the order, the cost may vary depending on the colors you want.<\/p>","protected":false},"excerpt":{"rendered":"<p>Este panel mandala se inspira en el rico patrimonio cultural y la intrincada artesan\u00eda de la civilizaci\u00f3n azteca. Su dise\u00f1o refleja la precisi\u00f3n geom\u00e9trica y los elementos simb\u00f3licos presentes en el arte azteca antiguo, representando la conexi\u00f3n entre el cosmos y la tierra. Cada detalle encarna el poder, la sabidur\u00eda y la profundidad espiritual de la cultura azteca.<\/p>\n<p>&nbsp;<\/p>\n<p><strong>IMPORTANTE<\/strong>: Este es un producto artesanal y lo fabricamos por encargo. Esto significa que nos tomar\u00e1 2 semanas tener tu producto listo para enviarlo. Puedes encontrar m\u00e1s detalles en la descripci\u00f3n completa abajo.<\/p>","protected":false},"featured_media":3747,"template":"","meta":[],"product_cat":[104],"product_tag":[95,77,96,91,76],"_links":{"self":[{"href":"https:\/\/opusmagnumcol.com\/es\/wp-json\/wp\/v2\/product\/3730"}],"collection":[{"href":"https:\/\/opusmagnumcol.com\/es\/wp-json\/wp\/v2\/product"}],"about":[{"href":"https:\/\/opusmagnumcol.com\/es\/wp-json\/wp\/v2\/types\/product"}],"wp:featuredmedia":[{"embeddable":true,"href":"https:\/\/opusmagnumcol.com\/es\/wp-json\/wp\/v2\/media\/3747"}],"wp:attachment":[{"href":"https:\/\/opusmagnumcol.com\/es\/wp-json\/wp\/v2\/media?parent=3730"}],"wp:term":[{"taxonomy":"product_cat","embeddable":true,"href":"https:\/\/opusmagnumcol.com\/es\/wp-json\/wp\/v2\/product_cat?post=3730"},{"taxonomy":"product_tag","embeddable":true,"href":"https:\/\/opusmagnumcol.com\/es\/wp-json\/wp\/v2\/product_tag?post=3730"}],"curies":[{"name":"wp","href":"https:\/\/api.w.org\/{rel}","templated":true}]}}