{"id":3723,"date":"2024-08-01T15:57:31","date_gmt":"2024-08-01T20:57:31","guid":{"rendered":"https:\/\/opusmagnumcol.com\/?post_type=product&#038;p=3723"},"modified":"2024-08-01T16:14:05","modified_gmt":"2024-08-01T21:14:05","slug":"alma-sagrada-rug","status":"publish","type":"product","link":"https:\/\/opusmagnumcol.com\/es\/producto\/alma-sagrada-rug\/","title":{"rendered":"Tapete Alma Sagrada"},"content":{"rendered":"<p>Este dise\u00f1o de tapete es un tributo a la pureza y divinidad dentro de nosotros. Presenta patrones armoniosos y formas relajantes que evocan una sensaci\u00f3n de paz interior y despertar espiritual. Este mandala sirve como recordatorio de la esencia sagrada de nuestras almas y la interconexi\u00f3n de toda la vida.<\/p>\n<p>&nbsp;<\/p>\n<p>Este es un tapete artesanal, hecho mediante el proceso de tufting. El tufting es un tipo de fabricaci\u00f3n textil en el que un hilo se inserta en una base primaria. Es una t\u00e9cnica antigua para hacer prendas de abrigo, especialmente manoplas. Despu\u00e9s de tejer, se introducen bucles cortos en forma de U de hilo adicional a trav\u00e9s de la tela desde el exterior, de modo que sus extremos apunten hacia adentro.<\/p>\n<p>&nbsp;<\/p>\n<p>Normalmente tenemos algunas unidades de este producto en stock, si no est\u00e1 disponible, podemos hacer uno para ti. Escr\u00edbenos a trav\u00e9s del bot\u00f3n \"Cont\u00e1ctanos\", el tiempo de fabricaci\u00f3n de este producto es de entre 3 y 4 semanas.<\/p>","protected":false},"excerpt":{"rendered":"<p>Este dise\u00f1o de tapete es un tributo a la pureza y divinidad dentro de nosotros. Presenta patrones armoniosos y formas relajantes que evocan una sensaci\u00f3n de paz interior y despertar espiritual. Este mandala sirve como recordatorio de la esencia sagrada de nuestras almas y la interconexi\u00f3n de toda la vida.<\/p>\n<p>&nbsp;<\/p>\n<p>This product has approximately an external diameter of 80cm.<\/p>","protected":false},"featured_media":3718,"template":"","meta":[],"product_cat":[90],"product_tag":[],"_links":{"self":[{"href":"https:\/\/opusmagnumcol.com\/es\/wp-json\/wp\/v2\/product\/3723"}],"collection":[{"href":"https:\/\/opusmagnumcol.com\/es\/wp-json\/wp\/v2\/product"}],"about":[{"href":"https:\/\/opusmagnumcol.com\/es\/wp-json\/wp\/v2\/types\/product"}],"wp:featuredmedia":[{"embeddable":true,"href":"https:\/\/opusmagnumcol.com\/es\/wp-json\/wp\/v2\/media\/3718"}],"wp:attachment":[{"href":"https:\/\/opusmagnumcol.com\/es\/wp-json\/wp\/v2\/media?parent=3723"}],"wp:term":[{"taxonomy":"product_cat","embeddable":true,"href":"https:\/\/opusmagnumcol.com\/es\/wp-json\/wp\/v2\/product_cat?post=3723"},{"taxonomy":"product_tag","embeddable":true,"href":"https:\/\/opusmagnumcol.com\/es\/wp-json\/wp\/v2\/product_tag?post=3723"}],"curies":[{"name":"wp","href":"https:\/\/api.w.org\/{rel}","templated":true}]}}