{"id":3717,"date":"2024-08-01T15:52:08","date_gmt":"2024-08-01T20:52:08","guid":{"rendered":"https:\/\/opusmagnumcol.com\/?post_type=product&#038;p=3717"},"modified":"2024-08-01T16:13:39","modified_gmt":"2024-08-01T21:13:39","slug":"azteca-rug","status":"publish","type":"product","link":"https:\/\/opusmagnumcol.com\/es\/producto\/azteca-rug\/","title":{"rendered":"Tapete Azteca"},"content":{"rendered":"<p>This mandala rug draws inspiration from the rich cultural heritage and intricate artistry of the Aztec civilization. Its design reflects the geometric precision and symbolic elements found in ancient Aztec art, representing the connection between the cosmos and the earth. Each detail embodies the power, wisdom, and spiritual depth of the Aztec culture.<\/p>\n<p>&nbsp;<\/p>\n<p>Este es un tapete artesanal, hecho mediante el proceso de tufting. El tufting es un tipo de fabricaci\u00f3n textil en el que un hilo se inserta en una base primaria. Es una t\u00e9cnica antigua para hacer prendas de abrigo, especialmente manoplas. Despu\u00e9s de tejer, se introducen bucles cortos en forma de U de hilo adicional a trav\u00e9s de la tela desde el exterior, de modo que sus extremos apunten hacia adentro.<\/p>\n<p>&nbsp;<\/p>\n<p>Normalmente tenemos algunas unidades de este producto en stock, si no est\u00e1 disponible, podemos hacer uno para ti. Escr\u00edbenos a trav\u00e9s del bot\u00f3n \"Cont\u00e1ctanos\", el tiempo de fabricaci\u00f3n de este producto es de entre 3 y 4 semanas.<\/p>","protected":false},"excerpt":{"rendered":"<p>This mandala rug draws inspiration from the rich cultural heritage and intricate artistry of the Aztec civilization. Its design reflects the geometric precision and symbolic elements found in ancient Aztec art, representing the connection between the cosmos and the earth. Each detail embodies the power, wisdom, and spiritual depth of the Aztec culture.<\/p>\n<p>&nbsp;<\/p>\n<p>This product has approximately an external diameter of 80cm.<\/p>","protected":false},"featured_media":3719,"template":"","meta":[],"product_cat":[90],"product_tag":[],"_links":{"self":[{"href":"https:\/\/opusmagnumcol.com\/es\/wp-json\/wp\/v2\/product\/3717"}],"collection":[{"href":"https:\/\/opusmagnumcol.com\/es\/wp-json\/wp\/v2\/product"}],"about":[{"href":"https:\/\/opusmagnumcol.com\/es\/wp-json\/wp\/v2\/types\/product"}],"wp:featuredmedia":[{"embeddable":true,"href":"https:\/\/opusmagnumcol.com\/es\/wp-json\/wp\/v2\/media\/3719"}],"wp:attachment":[{"href":"https:\/\/opusmagnumcol.com\/es\/wp-json\/wp\/v2\/media?parent=3717"}],"wp:term":[{"taxonomy":"product_cat","embeddable":true,"href":"https:\/\/opusmagnumcol.com\/es\/wp-json\/wp\/v2\/product_cat?post=3717"},{"taxonomy":"product_tag","embeddable":true,"href":"https:\/\/opusmagnumcol.com\/es\/wp-json\/wp\/v2\/product_tag?post=3717"}],"curies":[{"name":"wp","href":"https:\/\/api.w.org\/{rel}","templated":true}]}}