{"id":3712,"date":"2024-08-01T15:24:40","date_gmt":"2024-08-01T20:24:40","guid":{"rendered":"https:\/\/opusmagnumcol.com\/?post_type=product&#038;p=3712"},"modified":"2024-11-24T17:12:41","modified_gmt":"2024-11-24T22:12:41","slug":"painting-kit","status":"publish","type":"product","link":"https:\/\/opusmagnumcol.com\/es\/producto\/painting-kit\/","title":{"rendered":"Kit de Pinturas"},"content":{"rendered":"<p>Este kit tiene todo lo que necesitas para pintar y ensamblar tu mandala. Viene con la misma pintura que usamos para hacer todos nuestros productos pintados. Te sugerimos usar esta pintura para pintar tu Mandala Crudo, pero puedes usar tus propias pinturas o las que puedas conseguir localmente.<\/p>\n<p>&nbsp;<\/p>\n<p>Este Kit de Pinturas viene con los siguientes productos:<\/p>\n<p>&nbsp;<\/p>\n<p>1 Pintura Acr\u00edlica Amarilla marca \"Franco Arte\" - 60cm3<\/p>\n<p>1 Pintura Acr\u00edlica Blanca marca \"Franco Arte\" - 60cm3<\/p>\n<p>1 Pintura Acr\u00edlica Azul Aguamarina marca \"Franco Arte\" - 60cm3<\/p>\n<p>1 Pintura Acr\u00edlica Morada marca \"Franco Arte\" - 60cm3<\/p>\n<p>1 Pintura Acr\u00edlica Fucsia marca \"Franco Arte\" - 60cm3<\/p>\n<p>1 Pintura Acr\u00edlica Verde marca \"Franco Arte\" - 60cm3<\/p>\n<p>1 Paleta Pl\u00e1stica<\/p>\n<p>1 Pincel Redondo #8<\/p>\n<p>1 Pincel Lengua de Gato #18<\/p>\n<p>1 Pegante marca Astro Glue - 8g<\/p>\n<p>&nbsp;<\/p>\n<p>Con este kit puedes pintar y ensamblar tu Mandala Crudo. Para el Mandala de 60 cm y 80 cm necesitar\u00e1s otra botella de pegante para completar el ensamblaje. Si pides uno de esos tama\u00f1os, el kit vendr\u00e1 con 2 botellas de pegamento.<\/p>","protected":false},"excerpt":{"rendered":"<p>Este kit tiene todo lo que necesitas para pintar y ensamblar tu mandala. Viene con la misma pintura que usamos para hacer todos nuestros productos pintados. Te sugerimos usar esta pintura para pintar tu Mandala Crudo, pero puedes usar tus propias pinturas o las que puedas conseguir localmente.<\/p>","protected":false},"featured_media":3705,"template":"","meta":[],"product_cat":[110],"product_tag":[],"_links":{"self":[{"href":"https:\/\/opusmagnumcol.com\/es\/wp-json\/wp\/v2\/product\/3712"}],"collection":[{"href":"https:\/\/opusmagnumcol.com\/es\/wp-json\/wp\/v2\/product"}],"about":[{"href":"https:\/\/opusmagnumcol.com\/es\/wp-json\/wp\/v2\/types\/product"}],"wp:featuredmedia":[{"embeddable":true,"href":"https:\/\/opusmagnumcol.com\/es\/wp-json\/wp\/v2\/media\/3705"}],"wp:attachment":[{"href":"https:\/\/opusmagnumcol.com\/es\/wp-json\/wp\/v2\/media?parent=3712"}],"wp:term":[{"taxonomy":"product_cat","embeddable":true,"href":"https:\/\/opusmagnumcol.com\/es\/wp-json\/wp\/v2\/product_cat?post=3712"},{"taxonomy":"product_tag","embeddable":true,"href":"https:\/\/opusmagnumcol.com\/es\/wp-json\/wp\/v2\/product_tag?post=3712"}],"curies":[{"name":"wp","href":"https:\/\/api.w.org\/{rel}","templated":true}]}}