{"id":3556,"date":"2024-07-21T16:54:05","date_gmt":"2024-07-21T21:54:05","guid":{"rendered":"https:\/\/opusmagnumcol.com\/?post_type=product&#038;p=3556"},"modified":"2024-08-09T09:15:46","modified_gmt":"2024-08-09T14:15:46","slug":"flor-de-la-vida-led","status":"publish","type":"product","link":"https:\/\/opusmagnumcol.com\/es\/producto\/flor-de-la-vida-led\/","title":{"rendered":"Flor de la Vida LED"},"content":{"rendered":"<p>This mandala incorporates the \u201cFlower of Life\u201d pattern, a sacred geometric symbol representing the cycle of creation. It symbolizes the interconnectedness of all life and the fundamental patterns of the universe, inspiring a sense of unity and harmony.<\/p>\n<p>&nbsp;<\/p>\n<p>Este mandala viene con luces internas RGB LED, las cuales puedes controlar con el control remoto o con una aplicaci\u00f3n en tu tel\u00e9fono m\u00f3vil. Necesitar\u00e1s un enchufe de 110 V donde conectar un adaptador de 12 V. Tambi\u00e9n incluye un controlador de botones que se encuentra en el cable para encenderlo y cambiar los modos en caso de que no tengas el control remoto o un tel\u00e9fono m\u00f3vil. La longitud del cable es de 1m.<\/p>\n<p>&nbsp;<\/p>\n<p>Este mandala est\u00e1 hecho de 10 capas de MDF, el grosor de cada capa puede variar de 2.5 mm a 3 mm, cada una est\u00e1 pintada con aer\u00f3grafo utilizando pintura acr\u00edlica, y luego se termina con un barniz mate protector.<\/p>\n<p>&nbsp;<\/p>\n<p>El mandala viene con clavos o chazos y tornillos dependiendo del tama\u00f1o que elijas, 20 cm y 40 cm vienen con clavos, 60 cm y m\u00e1s vienen con chazos y tornillos. El producto tiene agujeros en la parte posterior para colgarlo de los clavos o tornillos, por lo que se puede colgar f\u00e1cilmente en la pared. Si vas a instalar tu producto en un panel de yeso, te sugerimos que uses anclajes apropiados para este tipo de paredes, puedes conseguirlos en cualquier ferreter\u00eda.<\/p>\n<p>&nbsp;<\/p>\n<p>Tambi\u00e9n viene con una plantilla para que puedas hacer los agujeros en la pared y colocar tu producto f\u00e1cilmente.<\/p>\n<p>&nbsp;<\/p>\n<p>En la caja encontrar\u00e1s la plantilla, clavos o anclajes y tornillos, adaptador de 12 V con enchufe Tipo A (com\u00fanmente utilizado en EE.UU., Canad\u00e1, M\u00e9xico, Colombia y otros pa\u00edses), control remoto, controlador de botones y el mandala.\"<\/p>\n<p>&nbsp;<\/p>\n<p>El mandala viene empacado en una caja de cart\u00f3n corrugado y protegido con pl\u00e1stico burbuja.<\/p>\n<p>&nbsp;<\/p>\n<p><strong>IMPORTANTE<\/strong>: Este es un producto es artesanal y lo fabricamos por encargo, lo que significa que nos tomar\u00e1 2 semanas tener tu producto listo para enviar. Por favor, toma en cuenta este tiempo antes de realizar el pedido. Si lo necesitas antes, por favor escr\u00edbenos para verificar qu\u00e9 modelos tenemos en stock en ese momento. Puedes encontrar la informaci\u00f3n de contacto en la secci\u00f3n \"Cont\u00e1ctanos\".<\/p>\n<p>&nbsp;<\/p>\n<p>Este producto viene con un enchufe Tipo A y necesita un tomacorriente de 110 V. Si necesitas otro tipo de enchufe, cont\u00e1ctanos antes de realizar el pedido. Tambi\u00e9n puedes usar un convertidor para los tipos de enchufes de tu pa\u00eds.<\/p>\n<p>&nbsp;<\/p>\n<p>Si deseas personalizar los colores de tu mandala, por favor cont\u00e1ctanos antes de realizar el pedido, el costo puede variar dependiendo de los colores que desees.<\/p>","protected":false},"excerpt":{"rendered":"<p>This mandala incorporates the \u201cFlower of Life\u201d pattern, a sacred geometric symbol representing the cycle of creation. It symbolizes the interconnectedness of all life and the fundamental patterns of the universe, inspiring a sense of unity and harmony.<\/p>\n<p>&nbsp;<\/p>\n<p>Este mandala viene con luces internas RGB LED, las cuales puedes controlar con el control remoto o con una aplicaci\u00f3n en tu tel\u00e9fono m\u00f3vil. Necesitar\u00e1s un enchufe de 110 V donde conectar un adaptador de 12 V. Tambi\u00e9n incluye un controlador de botones que se encuentra en el cable para encenderlo y cambiar los modos en caso de que no tengas el control remoto o un tel\u00e9fono m\u00f3vil. La longitud del cable es de 1m.<\/p>\n<p>&nbsp;<\/p>\n<p><strong>IMPORTANTE<\/strong>: Este es un producto artesanal y lo fabricamos por encargo. Esto significa que nos tomar\u00e1 2 semanas tener tu producto listo para enviarlo. Puedes encontrar m\u00e1s detalles en la descripci\u00f3n completa abajo.<\/p>","protected":false},"featured_media":3525,"template":"","meta":[],"product_cat":[92],"product_tag":[77,97,91,76],"_links":{"self":[{"href":"https:\/\/opusmagnumcol.com\/es\/wp-json\/wp\/v2\/product\/3556"}],"collection":[{"href":"https:\/\/opusmagnumcol.com\/es\/wp-json\/wp\/v2\/product"}],"about":[{"href":"https:\/\/opusmagnumcol.com\/es\/wp-json\/wp\/v2\/types\/product"}],"wp:featuredmedia":[{"embeddable":true,"href":"https:\/\/opusmagnumcol.com\/es\/wp-json\/wp\/v2\/media\/3525"}],"wp:attachment":[{"href":"https:\/\/opusmagnumcol.com\/es\/wp-json\/wp\/v2\/media?parent=3556"}],"wp:term":[{"taxonomy":"product_cat","embeddable":true,"href":"https:\/\/opusmagnumcol.com\/es\/wp-json\/wp\/v2\/product_cat?post=3556"},{"taxonomy":"product_tag","embeddable":true,"href":"https:\/\/opusmagnumcol.com\/es\/wp-json\/wp\/v2\/product_tag?post=3556"}],"curies":[{"name":"wp","href":"https:\/\/api.w.org\/{rel}","templated":true}]}}