{"id":3402,"date":"2024-07-17T19:04:41","date_gmt":"2024-07-18T00:04:41","guid":{"rendered":"https:\/\/opusmagnumcol.com\/?post_type=product&#038;p=3402"},"modified":"2024-07-19T11:59:08","modified_gmt":"2024-07-19T16:59:08","slug":"mandala-coloring-book-digital-version","status":"publish","type":"product","link":"https:\/\/opusmagnumcol.com\/es\/producto\/mandala-coloring-book-digital-version\/","title":{"rendered":"Libro para Colorear Mandalas VERSI\u00d3N DIGITAL"},"content":{"rendered":"<p>LIBRO PARA COLOREAR MANDALAS - OPUS MAGNUM<\/p>\n<p>VERSI\u00d3N DIGITAL<\/p>\n<p>&nbsp;<\/p>\n<p>Este es un libro para colorear Mandalas que incluye 20 Mandalas \u00fanicos dise\u00f1ados por nosotros, que puedes colorear o pintar como desees y sumergirte en la incre\u00edble experiencia del mundo del coloreado de Mandalas.<\/p>\n<p>&nbsp;<\/p>\n<p>Esta es la versi\u00f3n digital de nuestro Libro para Colorear Mandalas. Recibir\u00e1s un PDF con todos los Mandalas para pintar. Te sugerimos usar un iPad o una tableta para una mejor experiencia, pero tambi\u00e9n puedes usar cualquier m\u00f3vil o PC. Este producto NO incluye ning\u00fan software para pintar.<\/p>\n<p>&nbsp;<\/p>\n<p>El libro es una forma de apoyar nuestro trabajo; utilizamos el dinero recaudado por este tipo de productos para sostener nuestro peque\u00f1o taller.<\/p>\n<p>&nbsp;<\/p>\n<p>Aseg\u00farate de revisar tambi\u00e9n nuestros Mandalas de madera. Son obras de arte hermosas para decorar tu hogar u oficina.<\/p>","protected":false},"excerpt":{"rendered":"<p>VERSI\u00d3N DIGITAL<\/p>\n<p>&nbsp;<\/p>\n<p>Este es un libro para colorear Mandalas que incluye 20 Mandalas \u00fanicos dise\u00f1ados por nosotros, que puedes colorear o pintar como desees y sumergirte en la incre\u00edble experiencia del mundo del coloreado de Mandalas.<\/p>\n<p>&nbsp;<\/p>\n<p>Esta es la versi\u00f3n digital de nuestro Libro para Colorear Mandalas. Recibir\u00e1s un PDF con todos los Mandalas para pintar. Te sugerimos usar un iPad o una tableta para una mejor experiencia, pero tambi\u00e9n puedes usar cualquier m\u00f3vil o PC. Este producto NO incluye ning\u00fan software para pintar.<\/p>","protected":false},"featured_media":3409,"template":"","meta":[],"product_cat":[44],"product_tag":[95,98,99,101,91,100],"_links":{"self":[{"href":"https:\/\/opusmagnumcol.com\/es\/wp-json\/wp\/v2\/product\/3402"}],"collection":[{"href":"https:\/\/opusmagnumcol.com\/es\/wp-json\/wp\/v2\/product"}],"about":[{"href":"https:\/\/opusmagnumcol.com\/es\/wp-json\/wp\/v2\/types\/product"}],"wp:featuredmedia":[{"embeddable":true,"href":"https:\/\/opusmagnumcol.com\/es\/wp-json\/wp\/v2\/media\/3409"}],"wp:attachment":[{"href":"https:\/\/opusmagnumcol.com\/es\/wp-json\/wp\/v2\/media?parent=3402"}],"wp:term":[{"taxonomy":"product_cat","embeddable":true,"href":"https:\/\/opusmagnumcol.com\/es\/wp-json\/wp\/v2\/product_cat?post=3402"},{"taxonomy":"product_tag","embeddable":true,"href":"https:\/\/opusmagnumcol.com\/es\/wp-json\/wp\/v2\/product_tag?post=3402"}],"curies":[{"name":"wp","href":"https:\/\/api.w.org\/{rel}","templated":true}]}}