{"id":3393,"date":"2024-07-17T18:53:29","date_gmt":"2024-07-17T23:53:29","guid":{"rendered":"https:\/\/opusmagnumcol.com\/?post_type=product&#038;p=3393"},"modified":"2024-07-18T22:29:01","modified_gmt":"2024-07-19T03:29:01","slug":"mandala-coloring-book","status":"publish","type":"product","link":"https:\/\/opusmagnumcol.com\/es\/producto\/mandala-coloring-book\/","title":{"rendered":"Libro para Colorear Mandalas EDICI\u00d3N IMPRESA"},"content":{"rendered":"<p>LIBRO PARA COLOREAR MANDALAS - OPUS MAGNUM<\/p>\n<p>EDICI\u00d3N IMPRESA<\/p>\n<p>&nbsp;<\/p>\n<p>Este es un libro para colorear Mandalas que incluye 20 Mandalas \u00fanicos dise\u00f1ados por nosotros, que puedes colorear o pintar como desees y sumergirte en la incre\u00edble experiencia del mundo del coloreado de Mandalas.<\/p>\n<p>&nbsp;<\/p>\n<p>El libro es una forma de apoyar nuestro trabajo; utilizamos el dinero recaudado por este tipo de productos para sostener nuestro peque\u00f1o taller.<\/p>\n<p>&nbsp;<\/p>\n<p>Aseg\u00farate de revisar tambi\u00e9n nuestros Mandalas de madera. Son obras de arte hermosas para decorar tu hogar u oficina.<\/p>","protected":false},"excerpt":{"rendered":"<p>EDICI\u00d3N IMPRESA<\/p>\n<p>Este es un libro para colorear Mandalas que incluye 20 Mandalas \u00fanicos dise\u00f1ados por nosotros, que puedes colorear o pintar como desees y sumergirte en la incre\u00edble experiencia del mundo del coloreado de Mandalas.<\/p>","protected":false},"featured_media":3394,"template":"","meta":[],"product_cat":[44],"product_tag":[98,99,103,91,102],"_links":{"self":[{"href":"https:\/\/opusmagnumcol.com\/es\/wp-json\/wp\/v2\/product\/3393"}],"collection":[{"href":"https:\/\/opusmagnumcol.com\/es\/wp-json\/wp\/v2\/product"}],"about":[{"href":"https:\/\/opusmagnumcol.com\/es\/wp-json\/wp\/v2\/types\/product"}],"wp:featuredmedia":[{"embeddable":true,"href":"https:\/\/opusmagnumcol.com\/es\/wp-json\/wp\/v2\/media\/3394"}],"wp:attachment":[{"href":"https:\/\/opusmagnumcol.com\/es\/wp-json\/wp\/v2\/media?parent=3393"}],"wp:term":[{"taxonomy":"product_cat","embeddable":true,"href":"https:\/\/opusmagnumcol.com\/es\/wp-json\/wp\/v2\/product_cat?post=3393"},{"taxonomy":"product_tag","embeddable":true,"href":"https:\/\/opusmagnumcol.com\/es\/wp-json\/wp\/v2\/product_tag?post=3393"}],"curies":[{"name":"wp","href":"https:\/\/api.w.org\/{rel}","templated":true}]}}