{"id":2591,"date":"2024-07-01T14:58:04","date_gmt":"2024-07-01T19:58:04","guid":{"rendered":"https:\/\/opusmagnumcol.com\/?post_type=product&#038;p=2591"},"modified":"2024-07-28T15:47:03","modified_gmt":"2024-07-28T20:47:03","slug":"roboto","status":"publish","type":"product","link":"https:\/\/opusmagnumcol.com\/es\/producto\/roboto\/","title":{"rendered":"Roboto"},"content":{"rendered":"<p>Combinando elementos de tecnolog\u00eda y precisi\u00f3n geom\u00e9trica, este mandala presenta patrones que recuerdan a placas de circuitos y dise\u00f1os rob\u00f3ticos. Simboliza la fusi\u00f3n del arte y la tecnolog\u00eda, representando la innovaci\u00f3n, el progreso y el potencial ilimitado de la creatividad humana.<\/p>\n<p>&nbsp;<\/p>\n<p>Este mandala est\u00e1 hecho de 6 capas de MDF, el grosor de cada capa puede variar de 2.5 mm a 3 mm. Cada una est\u00e1 pintada con aer\u00f3grafo usando pintura acr\u00edlica y luego se termina con un barniz mate protector.<\/p>\n<p>&nbsp;<\/p>\n<p>El mandala viene con clavos o chazos y tornillos dependiendo del tama\u00f1o que elijas, 20 cm y 40 cm vienen con clavos, 60 cm y m\u00e1s vienen con chazos y tornillos. El producto tiene agujeros en la parte posterior para colgarlo de los clavos o tornillos, por lo que se puede colgar f\u00e1cilmente en la pared. Si vas a instalar tu producto en un panel de yeso, te sugerimos que uses anclajes apropiados para este tipo de paredes, puedes conseguirlos en cualquier ferreter\u00eda.<\/p>\n<p>&nbsp;<\/p>\n<p>Tambi\u00e9n viene con una plantilla para que puedas hacer los agujeros en la pared y colocar tu producto f\u00e1cilmente.<\/p>\n<p>&nbsp;<\/p>\n<p>El mandala viene empacado en una caja de cart\u00f3n corrugado y protegido con pl\u00e1stico burbuja.<\/p>\n<p>&nbsp;<\/p>\n<p><strong>IMPORTANTE<\/strong>: Este es un producto es artesanal y lo fabricamos por encargo, lo que significa que nos tomar\u00e1 2 semanas tener tu producto listo para enviar. Por favor, toma en cuenta este tiempo antes de realizar el pedido. Si lo necesitas antes, por favor escr\u00edbenos para verificar qu\u00e9 modelos tenemos en stock en ese momento. Puedes encontrar la informaci\u00f3n de contacto en la secci\u00f3n \"Cont\u00e1ctanos\".<\/p>\n<p>&nbsp;<\/p>\n<p>Si deseas personalizar los colores de tu mandala, por favor cont\u00e1ctanos antes de realizar el pedido, el costo puede variar dependiendo de los colores que desees.<\/p>","protected":false},"excerpt":{"rendered":"<p>Combinando elementos de tecnolog\u00eda y precisi\u00f3n geom\u00e9trica, este mandala presenta patrones que recuerdan a placas de circuitos y dise\u00f1os rob\u00f3ticos. Simboliza la fusi\u00f3n del arte y la tecnolog\u00eda, representando la innovaci\u00f3n, el progreso y el potencial ilimitado de la creatividad humana.<\/p>\n<p>&nbsp;<\/p>\n<p><strong>IMPORTANTE<\/strong>: Este es un producto artesanal y lo fabricamos por encargo. Esto significa que nos tomar\u00e1 2 semanas tener tu producto listo para enviarlo. Puedes encontrar m\u00e1s detalles en la descripci\u00f3n completa abajo.<\/p>","protected":false},"featured_media":2599,"template":"","meta":[],"product_cat":[15],"product_tag":[95,77,96,91,76],"_links":{"self":[{"href":"https:\/\/opusmagnumcol.com\/es\/wp-json\/wp\/v2\/product\/2591"}],"collection":[{"href":"https:\/\/opusmagnumcol.com\/es\/wp-json\/wp\/v2\/product"}],"about":[{"href":"https:\/\/opusmagnumcol.com\/es\/wp-json\/wp\/v2\/types\/product"}],"wp:featuredmedia":[{"embeddable":true,"href":"https:\/\/opusmagnumcol.com\/es\/wp-json\/wp\/v2\/media\/2599"}],"wp:attachment":[{"href":"https:\/\/opusmagnumcol.com\/es\/wp-json\/wp\/v2\/media?parent=2591"}],"wp:term":[{"taxonomy":"product_cat","embeddable":true,"href":"https:\/\/opusmagnumcol.com\/es\/wp-json\/wp\/v2\/product_cat?post=2591"},{"taxonomy":"product_tag","embeddable":true,"href":"https:\/\/opusmagnumcol.com\/es\/wp-json\/wp\/v2\/product_tag?post=2591"}],"curies":[{"name":"wp","href":"https:\/\/api.w.org\/{rel}","templated":true}]}}