{"id":728,"date":"2021-02-03T11:24:01","date_gmt":"2021-02-03T16:24:01","guid":{"rendered":"https:\/\/opusmagnumcol.com\/contact\/"},"modified":"2025-10-02T20:22:50","modified_gmt":"2025-10-03T01:22:50","slug":"contact","status":"publish","type":"page","link":"https:\/\/opusmagnumcol.com\/es\/contact\/","title":{"rendered":"Contacto"},"content":{"rendered":"<div data-elementor-type=\"wp-page\" data-elementor-id=\"728\" class=\"elementor elementor-728\">\n\t\t\t\t\t\t<section class=\"elementor-section elementor-top-section elementor-element elementor-element-f8dc03b elementor-section-boxed elementor-section-height-default elementor-section-height-default\" data-id=\"f8dc03b\" data-element_type=\"section\" data-settings=\"{&quot;background_background&quot;:&quot;classic&quot;}\">\n\t\t\t\t\t\t<div class=\"elementor-container elementor-column-gap-no\">\n\t\t\t\t\t<div class=\"aux-parallax-section elementor-column elementor-col-50 elementor-top-column elementor-element elementor-element-e10834e\" data-id=\"e10834e\" data-element_type=\"column\">\n\t\t\t<div class=\"elementor-widget-wrap elementor-element-populated\">\n\t\t\t\t\t\t<section class=\"elementor-section elementor-inner-section elementor-element elementor-element-6e02e8e elementor-section-boxed elementor-section-height-default elementor-section-height-default\" data-id=\"6e02e8e\" data-element_type=\"section\">\n\t\t\t\t\t\t<div class=\"elementor-container elementor-column-gap-no\">\n\t\t\t\t\t<div class=\"aux-parallax-section elementor-column elementor-col-100 elementor-inner-column elementor-element elementor-element-aa5ea64\" data-id=\"aa5ea64\" data-element_type=\"column\">\n\t\t\t<div class=\"elementor-widget-wrap elementor-element-populated\">\n\t\t\t\t\t\t<div class=\"elementor-element elementor-element-9f707eb elementor-widget__width-auto elementor-widget-divider--view-line elementor-widget elementor-widget-divider\" data-id=\"9f707eb\" data-element_type=\"widget\" data-widget_type=\"divider.default\">\n\t\t\t\t<div class=\"elementor-widget-container\">\n\t\t\t\t\t\t\t<div class=\"elementor-divider\">\n\t\t\t<span class=\"elementor-divider-separator\">\n\t\t\t\t\t\t<\/span>\n\t\t<\/div>\n\t\t\t\t\t\t<\/div>\n\t\t\t\t<\/div>\n\t\t\t\t<div class=\"elementor-element elementor-element-9696b14 elementor-widget__width-auto aux-appear-watch-animation aux-fade-in-right elementor-widget elementor-widget-heading\" data-id=\"9696b14\" data-element_type=\"widget\" data-widget_type=\"heading.default\">\n\t\t\t\t<div class=\"elementor-widget-container\">\n\t\t\t\t\t<p class=\"elementor-heading-title elementor-size-default\">Contacto<\/p>\t\t\t\t<\/div>\n\t\t\t\t<\/div>\n\t\t\t\t\t<\/div>\n\t\t<\/div>\n\t\t\t\t\t<\/div>\n\t\t<\/section>\n\t\t\t\t<div class=\"elementor-element elementor-element-fd1ab5e aux-appear-watch-animation aux-fade-in-up-1 elementor-widget elementor-widget-aux_modern_heading\" data-id=\"fd1ab5e\" data-element_type=\"widget\" data-widget_type=\"aux_modern_heading.default\">\n\t\t\t\t<div class=\"elementor-widget-container\">\n\t\t\t\t\t<section class=\"aux-widget-modern-heading\">\n            <div class=\"aux-widget-inner\"><h1 class=\"aux-modern-heading-primary\">Ponte en Contacto con Nosotros<\/h1><div class=\"aux-modern-heading-description\"><p>\u00bfQuieres personalizar tu mandala? \u00a1Podemos hacerlo! Ofrecemos combinaciones de colores personalizadas y podemos proporcionar una vista previa digital para asegurarnos de que est\u00e9s satisfecho con tu dise\u00f1o antes de que comience la producci\u00f3n. Incluso podemos crear un mandala personalizado para tu logo, marca o empresa. \u00a1No dudes en contactarnos!<\/p><p>Puedes escribirnos un correo electr\u00f3nico o un mensaje directo a trav\u00e9s de Instagram, te responderemos lo antes posible. Estamos aqu\u00ed para asistirte en todo el proceso y hacer realidad tu nueva obra de arte.<\/p><\/div><\/div>\n        <\/section>\t\t\t\t<\/div>\n\t\t\t\t<\/div>\n\t\t\t\t<div class=\"elementor-element elementor-element-7ec6009 elementor-widget elementor-widget-spacer\" data-id=\"7ec6009\" data-element_type=\"widget\" data-widget_type=\"spacer.default\">\n\t\t\t\t<div class=\"elementor-widget-container\">\n\t\t\t\t\t\t\t<div class=\"elementor-spacer\">\n\t\t\t<div class=\"elementor-spacer-inner\"><\/div>\n\t\t<\/div>\n\t\t\t\t\t\t<\/div>\n\t\t\t\t<\/div>\n\t\t\t\t<div class=\"elementor-element elementor-element-cb2004d elementor-position-left elementor-vertical-align-middle elementor-widget__width-auto elementor-widget-mobile__width-inherit elementor-view-stacked aux-appear-watch-animation aux-fade-in-right-1 elementor-shape-circle elementor-mobile-position-top elementor-widget elementor-widget-icon-box\" data-id=\"cb2004d\" data-element_type=\"widget\" data-widget_type=\"icon-box.default\">\n\t\t\t\t<div class=\"elementor-widget-container\">\n\t\t\t\t\t\t\t<div class=\"elementor-icon-box-wrapper\">\n\n\t\t\t\t\t\t<div class=\"elementor-icon-box-icon\">\n\t\t\t\t<span  class=\"elementor-icon\">\n\t\t\t\t<svg xmlns=\"http:\/\/www.w3.org\/2000\/svg\" xmlns:xlink=\"http:\/\/www.w3.org\/1999\/xlink\" width=\"35\" height=\"31.501\" viewbox=\"0 0 35 31.501\"><defs><lineargradient id=\"linear-gradient\" x1=\"0.5\" x2=\"0.5\" y2=\"1\" gradientunits=\"objectBoundingBox\"><stop offset=\"0\" stop-color=\"#64f4ab\"><\/stop><stop offset=\"1\" stop-color=\"#327a56\"><\/stop><\/lineargradient><\/defs><g id=\"email_-_icon\" data-name=\"email - icon\" transform=\"translate(-2 -3)\"><path id=\"Path_105\" data-name=\"Path 105\" d=\"M27.42,3H11.548C6,3,2,7.484,2,13.254V24.248C2,30.02,6,34.5,11.548,34.5H27.4a9.664,9.664,0,0,0,7-3.1,9.8,9.8,0,0,0,2.583-7.23l0-10.915A9.724,9.724,0,0,0,27.42,3ZM11.548,5.674H27.39a7.009,7.009,0,0,1,5.066,2.254,7.112,7.112,0,0,1,1.876,5.247l0,11.073a7.17,7.17,0,0,1-1.873,5.326,7.009,7.009,0,0,1-5.066,2.254H11.548c-4.013,0-6.894-3.227-6.894-7.58V13.254c0-4.352,2.881-7.578,6.9-7.578Zm18.495,7.193a1.321,1.321,0,0,0-1.866-.208L21,18.443l-.2.145a2.415,2.415,0,0,1-2.767-.156L10.8,12.657l-.161-.112a1.321,1.321,0,0,0-1.7.327,1.344,1.344,0,0,0,.214,1.88l7.237,5.784.282.2a5.058,5.058,0,0,0,5.978-.2l7.188-5.795.144-.135a1.344,1.344,0,0,0,.063-1.747Z\" fill-rule=\"evenodd\" fill=\"url(#linear-gradient)\"><\/path><\/g><\/svg>\t\t\t\t<\/span>\n\t\t\t<\/div>\n\t\t\t\n\t\t\t\t\t\t<div class=\"elementor-icon-box-content\">\n\n\t\t\t\t\t\t\t\t\t<h2 class=\"elementor-icon-box-title\">\n\t\t\t\t\t\t<span  >\n\t\t\t\t\t\t\tInstagram\t\t\t\t\t\t<\/span>\n\t\t\t\t\t<\/h2>\n\t\t\t\t\n\t\t\t\t\t\t\t\t\t<p class=\"elementor-icon-box-description\">\n\t\t\t\t\t\t@opusmagnumcol\t\t\t\t\t<\/p>\n\t\t\t\t\n\t\t\t<\/div>\n\t\t\t\n\t\t<\/div>\n\t\t\t\t\t\t<\/div>\n\t\t\t\t<\/div>\n\t\t\t\t\t<\/div>\n\t\t<\/div>\n\t\t\t\t<div class=\"aux-parallax-section elementor-column elementor-col-50 elementor-top-column elementor-element elementor-element-c1507a6\" data-id=\"c1507a6\" data-element_type=\"column\">\n\t\t\t<div class=\"elementor-widget-wrap elementor-element-populated\">\n\t\t\t\t\t\t<div class=\"elementor-element elementor-element-9444da7 elementor-widget elementor-widget-spacer\" data-id=\"9444da7\" data-element_type=\"widget\" data-widget_type=\"spacer.default\">\n\t\t\t\t<div class=\"elementor-widget-container\">\n\t\t\t\t\t\t\t<div class=\"elementor-spacer\">\n\t\t\t<div class=\"elementor-spacer-inner\"><\/div>\n\t\t<\/div>\n\t\t\t\t\t\t<\/div>\n\t\t\t\t<\/div>\n\t\t\t\t<div class=\"elementor-element elementor-element-1425433 elementor-widget elementor-widget-shortcode\" data-id=\"1425433\" data-element_type=\"widget\" data-widget_type=\"shortcode.default\">\n\t\t\t\t<div class=\"elementor-widget-container\">\n\t\t\t\t\t\t\t<div class=\"elementor-shortcode\">\n<div class=\"wpcf7 no-js\" id=\"wpcf7-f3845-o1\" lang=\"en-US\" dir=\"ltr\">\n<div class=\"screen-reader-response\"><p role=\"status\" aria-live=\"polite\" aria-atomic=\"true\"><\/p> <ul><\/ul><\/div>\n<form action=\"\/es\/wp-json\/wp\/v2\/pages\/728#wpcf7-f3845-o1\" method=\"post\" class=\"wpcf7-form init\" aria-label=\"Contact form\" novalidate=\"novalidate\" data-status=\"init\" data-trp-original-action=\"\/es\/wp-json\/wp\/v2\/pages\/728#wpcf7-f3845-o1\">\n<div style=\"display: none;\">\n<input type=\"hidden\" name=\"_wpcf7\" value=\"3845\" \/>\n<input type=\"hidden\" name=\"_wpcf7_version\" value=\"5.9.8\" \/>\n<input type=\"hidden\" name=\"_wpcf7_locale\" value=\"en_US\" \/>\n<input type=\"hidden\" name=\"_wpcf7_unit_tag\" value=\"wpcf7-f3845-o1\" \/>\n<input type=\"hidden\" name=\"_wpcf7_container_post\" value=\"0\" \/>\n<input type=\"hidden\" name=\"_wpcf7_posted_data_hash\" value=\"\" \/>\n<\/div>\n<p><label> Tu nombre<br \/>\n<span class=\"wpcf7-form-control-wrap\" data-name=\"your-name\"><input size=\"40\" maxlength=\"400\" class=\"wpcf7-form-control wpcf7-text wpcf7-validates-as-required\" autocomplete=\"name\" aria-required=\"true\" aria-invalid=\"false\" value=\"\" type=\"text\" name=\"your-name\" \/><\/span> <\/label>\n<\/p>\n<p><label> Tu correo<br \/>\n<span class=\"wpcf7-form-control-wrap\" data-name=\"your-email\"><input size=\"40\" maxlength=\"400\" class=\"wpcf7-form-control wpcf7-email wpcf7-validates-as-required wpcf7-text wpcf7-validates-as-email\" autocomplete=\"email\" aria-required=\"true\" aria-invalid=\"false\" value=\"\" type=\"email\" name=\"your-email\" \/><\/span> <\/label>\n<\/p>\n<p><label> Tu mensaje<br \/>\n<span class=\"wpcf7-form-control-wrap\" data-name=\"your-message\"><textarea cols=\"40\" rows=\"10\" maxlength=\"2000\" class=\"wpcf7-form-control wpcf7-textarea wpcf7-validates-as-required\" aria-required=\"true\" aria-invalid=\"false\" name=\"your-message\"><\/textarea><\/span> <\/label>\n<\/p>\n<p><input class=\"wpcf7-form-control wpcf7-submit has-spinner\" type=\"submit\" value=\"Enviar\" \/>\n<\/p><div class=\"wpcf7-response-output\" aria-hidden=\"true\"><\/div>\n<input type=\"hidden\" name=\"trp-form-language\" value=\"es\"\/><\/form>\n<\/div>\n<\/div>\n\t\t\t\t\t\t<\/div>\n\t\t\t\t<\/div>\n\t\t\t\t\t<\/div>\n\t\t<\/div>\n\t\t\t\t\t<\/div>\n\t\t<\/section>\n\t\t\t\t<section class=\"elementor-section elementor-top-section elementor-element elementor-element-32f0a2b elementor-section-boxed elementor-section-height-default elementor-section-height-default\" data-id=\"32f0a2b\" data-element_type=\"section\">\n\t\t\t\t\t\t<div class=\"elementor-container elementor-column-gap-default\">\n\t\t\t\t\t<div class=\"aux-parallax-section elementor-column elementor-col-100 elementor-top-column elementor-element elementor-element-1b05a03\" data-id=\"1b05a03\" data-element_type=\"column\">\n\t\t\t<div class=\"elementor-widget-wrap elementor-element-populated\">\n\t\t\t\t\t\t<div class=\"elementor-element elementor-element-3f807ab elementor-view-default elementor-position-top elementor-mobile-position-top elementor-widget elementor-widget-icon-box\" data-id=\"3f807ab\" data-element_type=\"widget\" data-widget_type=\"icon-box.default\">\n\t\t\t\t<div class=\"elementor-widget-container\">\n\t\t\t\t\t\t\t<div class=\"elementor-icon-box-wrapper\">\n\n\t\t\t\t\t\t<div class=\"elementor-icon-box-icon\">\n\t\t\t\t<span  class=\"elementor-icon\">\n\t\t\t\t<svg xmlns=\"http:\/\/www.w3.org\/2000\/svg\" id=\"Capa_1\" data-name=\"Capa 1\" viewbox=\"0 0 345 246\"><defs><style>      .cls-1 {        fill: #939393;        stroke-width: 0px;      }    <\/style><\/defs><path class=\"cls-1\" d=\"M172.45,198.91c-16.88-33.78-33.33-66.69-49.98-100-6.07,10.89-11.94,21.43-17.81,31.97-11.27,20.24-22.54,40.48-33.79,60.73-3.26,5.86-5.85,11.92-4.16,18.85.48,2,1.41,3.88,2.31,6.31-11-6.13-21.67-12.08-33.3-18.56,10.9-.08,16.47-6.3,20.81-14.07,17.86-32,35.65-64.03,53.51-96.03,4.46-8,10.02-15.16,17.18-21.38,14.97,30.58,29.88,61.04,44.99,91.91.66-.9,1.23-1.47,1.57-2.15,15.01-30.62,30.03-61.24,44.94-91.91,2.39-4.91,4.68-10.11,2.43-15.71-1.07-2.66-2.9-5.01-4.44-7.6h39.12c-10.49,6.18-11.76,17.94-17.42,26.92-2.52,3.99-5.87,8.32-6.09,12.64-.21,4.14,3.24,8.42,4.93,12.7,4.32,10.93,5.72,22.24,3.79,34.19-5.68-10.07-11.37-20.13-17.49-30.97-17.09,34.16-33.9,67.77-51.1,102.16Z\"><\/path><path class=\"cls-1\" d=\"M172.45,198.91c-16.88-33.78-33.33-66.69-49.98-100-6.07,10.89-11.94,21.43-17.81,31.97-11.27,20.24-22.54,40.48-33.79,60.73-3.26,5.86-5.85,11.92-4.16,18.85.48,2,1.41,3.88,2.31,6.31-11-6.13-21.67-12.08-33.3-18.56,10.9-.08,16.47-6.3,20.81-14.07,17.86-32,35.65-64.03,53.51-96.03,4.46-8,10.02-15.16,17.18-21.38,14.97,30.58,29.88,61.04,44.99,91.91.66-.9,1.23-1.47,1.57-2.15,15.01-30.62,30.03-61.24,44.94-91.91,2.39-4.91,4.68-10.11,2.43-15.71-1.07-2.66-2.9-5.01-4.44-7.6h39.12c-10.49,6.18-11.76,17.94-17.42,26.92-2.52,3.99-5.87,8.32-6.09,12.64-.21,4.14,3.24,8.42,4.93,12.7,4.32,10.93,5.72,22.24,3.79,34.19-5.68-10.07-11.37-20.13-17.49-30.97-17.09,34.16-33.9,67.77-51.1,102.16Z\"><\/path><path class=\"cls-1\" d=\"M101.87,143.6c3.66,6.46,6.77,13.39,11.14,19.4,12.55,17.3,29.33,27.97,50.87,30.61,1.17.14,2.32,1.79,3.16,2.96,1.59,2.2,1.7,5.9,5.45,5.86,3.7-.04,4.15-3.54,5.31-5.99,1.04-2.19,2.37-2.75,4.79-3.09,16.57-2.29,30.6-9.64,42.31-21.65,10.84-11.12,17.77-24.22,20.13-39.51,2.57-16.66.24-32.7-7.89-47.65-1.05-1.93-1.3-3.45-.21-5.47,3.01-5.54,5.79-11.2,8.94-17.35,1.26,1.59,2.44,2.93,3.44,4.39,11.73,16.93,16.82,35.75,16.31,56.27-.55,21.94-7.77,41.46-21.72,58.21-14.86,17.86-33.94,28.84-57.07,32.43-25.91,4.02-49.3-2.16-70.24-17.67-10.44-7.73-18.87-17.39-25.26-28.75-.51-.9-.83-2.45-.41-3.25,3.61-6.78,7.42-13.46,10.94-19.77Z\"><\/path><path class=\"cls-1\" d=\"M101.87,143.6c3.66,6.46,6.77,13.39,11.14,19.4,12.55,17.3,29.33,27.97,50.87,30.61,1.17.14,2.32,1.79,3.16,2.96,1.59,2.2,1.7,5.9,5.45,5.86,3.7-.04,4.15-3.54,5.31-5.99,1.04-2.19,2.37-2.75,4.79-3.09,16.57-2.29,30.6-9.64,42.31-21.65,10.84-11.12,17.77-24.22,20.13-39.51,2.57-16.66.24-32.7-7.89-47.65-1.05-1.93-1.3-3.45-.21-5.47,3.01-5.54,5.79-11.2,8.94-17.35,1.26,1.59,2.44,2.93,3.44,4.39,11.73,16.93,16.82,35.75,16.31,56.27-.55,21.94-7.77,41.46-21.72,58.21-14.86,17.86-33.94,28.84-57.07,32.43-25.91,4.02-49.3-2.16-70.24-17.67-10.44-7.73-18.87-17.39-25.26-28.75-.51-.9-.83-2.45-.41-3.25,3.61-6.78,7.42-13.46,10.94-19.77Z\"><\/path><path class=\"cls-1\" d=\"M162.32,39.51c-1.89,1.32-2.9,2.3-4.1,2.82-15.15,6.55-28.92,15.36-39.62,27.89-6.7,7.85-11.96,17.02-17.27,25.95-7.14,12.03-13.7,24.4-20.5,36.62-.39-.04-.79-.07-1.18-.11-.06-7.24-.74-14.53-.05-21.7,1.59-16.29,6.92-31.38,16.33-44.91,8.16-11.74,18.35-21.31,30.78-28.36,6.34-3.6,13.06-4.85,20.31-2.33,4.61,1.61,9.44,2.56,15.31,4.11Z\"><\/path><path class=\"cls-1\" d=\"M162.32,39.51c-1.89,1.32-2.9,2.3-4.1,2.82-15.15,6.55-28.92,15.36-39.62,27.89-6.7,7.85-11.96,17.02-17.27,25.95-7.14,12.03-13.7,24.4-20.5,36.62-.39-.04-.79-.07-1.18-.11-.06-7.24-.74-14.53-.05-21.7,1.59-16.29,6.92-31.38,16.33-44.91,8.16-11.74,18.35-21.31,30.78-28.36,6.34-3.6,13.06-4.85,20.31-2.33,4.61,1.61,9.44,2.56,15.31,4.11Z\"><\/path><path class=\"cls-1\" d=\"M216.67,59.4c-7.81-3.72-15.28-8.85-23.48-10.74-8.04-1.85-16.85-.4-25.3-.4,2.3-1.87,4.73-3.85,7.16-5.82-.22-.3-.44-.6-.67-.91-5.39.2-8.48,4.92-13.09,7.11-.32-.92-.59-1.7-.66-1.92,2.11-1.32,4.2-2.18,5.67-3.66,3.11-3.11,6.32-5.63,11.24-4.85-2.42-7.77-10.37-4.67-15.45-8.27,4.1-2.83,7.88-4.88,12.41-5.32,7.73-.75,15.07.92,22.2,3.69,6.66,2.59,13.25,5.33,19.61,7.89-1.85,1.55-4.03,2.54-4.5,4.06-.36,1.18,1.12,3.32,2.31,4.51,4.67,4.66,5.39,9.02,2.56,14.63Z\"><\/path><path class=\"cls-1\" d=\"M216.67,59.4c-7.81-3.72-15.28-8.85-23.48-10.74-8.04-1.85-16.85-.4-25.3-.4,2.3-1.87,4.73-3.85,7.16-5.82-.22-.3-.44-.6-.67-.91-5.39.2-8.48,4.92-13.09,7.11-.32-.92-.59-1.7-.66-1.92,2.11-1.32,4.2-2.18,5.67-3.66,3.11-3.11,6.32-5.63,11.24-4.85-2.42-7.77-10.37-4.67-15.45-8.27,4.1-2.83,7.88-4.88,12.41-5.32,7.73-.75,15.07.92,22.2,3.69,6.66,2.59,13.25,5.33,19.61,7.89-1.85,1.55-4.03,2.54-4.5,4.06-.36,1.18,1.12,3.32,2.31,4.51,4.67,4.66,5.39,9.02,2.56,14.63Z\"><\/path><path class=\"cls-1\" d=\"M307.63,195.89c-10.31,5.76-19.92,11.13-30.53,17.06,5.32-10.26,1.25-18.31-3.31-26.33-4.18-7.35-8.33-14.73-12.27-22.2-.68-1.29-.78-3.31-.32-4.72,1.74-5.34,3.82-10.58,5.9-16.21.75,1.19,1.43,2.16,2.01,3.19,6.73,12.06,13.43,24.13,20.15,36.19,3.88,6.97,9.13,12.12,18.37,13.03Z\"><\/path><path class=\"cls-1\" d=\"M307.63,195.89c-10.31,5.76-19.92,11.13-30.53,17.06,5.32-10.26,1.25-18.31-3.31-26.33-4.18-7.35-8.33-14.73-12.27-22.2-.68-1.29-.78-3.31-.32-4.72,1.74-5.34,3.82-10.58,5.9-16.21.75,1.19,1.43,2.16,2.01,3.19,6.73,12.06,13.43,24.13,20.15,36.19,3.88,6.97,9.13,12.12,18.37,13.03Z\"><\/path><path class=\"cls-1\" d=\"M99.33,55.05c-1.7-5.97-4.31-10.9-11.18-13.67h25.65c-4.85,4.58-9.47,8.95-14.46,13.67Z\"><\/path><path class=\"cls-1\" d=\"M99.33,55.05c-1.7-5.97-4.31-10.9-11.18-13.67h25.65c-4.85,4.58-9.47,8.95-14.46,13.67Z\"><\/path><\/svg>\t\t\t\t<\/span>\n\t\t\t<\/div>\n\t\t\t\n\t\t\t\n\t\t<\/div>\n\t\t\t\t\t\t<\/div>\n\t\t\t\t<\/div>\n\t\t\t\t\t<\/div>\n\t\t<\/div>\n\t\t\t\t\t<\/div>\n\t\t<\/section>\n\t\t\t\t<\/div>","protected":false},"excerpt":{"rendered":"<p>Contact Us Get in touch with Us Do you want to personalize your mandala? We can do it! We offer custom color combinations and can provide a digital preview to ensure you\u2019re satisfied with your design before production begins. We can even create a customized mandala for your logo, brand, or company. Please don&#8217;t hesitate [&hellip;]<\/p>","protected":false},"author":1,"featured_media":0,"parent":0,"menu_order":0,"comment_status":"closed","ping_status":"closed","template":"templates\/page-builder-content.php","meta":{"footnotes":""},"_links":{"self":[{"href":"https:\/\/opusmagnumcol.com\/es\/wp-json\/wp\/v2\/pages\/728"}],"collection":[{"href":"https:\/\/opusmagnumcol.com\/es\/wp-json\/wp\/v2\/pages"}],"about":[{"href":"https:\/\/opusmagnumcol.com\/es\/wp-json\/wp\/v2\/types\/page"}],"author":[{"embeddable":true,"href":"https:\/\/opusmagnumcol.com\/es\/wp-json\/wp\/v2\/users\/1"}],"replies":[{"embeddable":true,"href":"https:\/\/opusmagnumcol.com\/es\/wp-json\/wp\/v2\/comments?post=728"}],"version-history":[{"count":94,"href":"https:\/\/opusmagnumcol.com\/es\/wp-json\/wp\/v2\/pages\/728\/revisions"}],"predecessor-version":[{"id":3970,"href":"https:\/\/opusmagnumcol.com\/es\/wp-json\/wp\/v2\/pages\/728\/revisions\/3970"}],"wp:attachment":[{"href":"https:\/\/opusmagnumcol.com\/es\/wp-json\/wp\/v2\/media?parent=728"}],"curies":[{"name":"wp","href":"https:\/\/api.w.org\/{rel}","templated":true}]}}