{"id":3618,"date":"2024-07-25T23:02:16","date_gmt":"2024-07-26T04:02:16","guid":{"rendered":"https:\/\/opusmagnumcol.com\/?page_id=3618"},"modified":"2024-08-01T16:53:53","modified_gmt":"2024-08-01T21:53:53","slug":"manufacture-shipping-policy","status":"publish","type":"page","link":"https:\/\/opusmagnumcol.com\/es\/manufacture-shipping-policy\/","title":{"rendered":"Pol\u00edtica de Fabricaci\u00f3n y Env\u00edo"},"content":{"rendered":"<div data-elementor-type=\"wp-page\" data-elementor-id=\"3618\" class=\"elementor elementor-3618\">\n\t\t\t\t\t\t<section class=\"elementor-section elementor-top-section elementor-element elementor-element-53a256d elementor-section-boxed elementor-section-height-default elementor-section-height-default\" data-id=\"53a256d\" data-element_type=\"section\">\n\t\t\t\t\t\t<div class=\"elementor-container elementor-column-gap-default\">\n\t\t\t\t\t<div class=\"aux-parallax-section elementor-column elementor-col-100 elementor-top-column elementor-element elementor-element-06d8462\" data-id=\"06d8462\" data-element_type=\"column\">\n\t\t\t<div class=\"elementor-widget-wrap elementor-element-populated\">\n\t\t\t\t\t\t<div class=\"elementor-element elementor-element-9f5a28d elementor-widget elementor-widget-text-editor\" data-id=\"9f5a28d\" data-element_type=\"widget\" data-widget_type=\"text-editor.default\">\n\t\t\t\t<div class=\"elementor-widget-container\">\n\t\t\t\t\t\t\t\t\t<h1>POL\u00cdTICA DE FABRICACI\u00d3N Y ENV\u00cdO<\/h1>\t\t\t\t\t\t\t\t<\/div>\n\t\t\t\t<\/div>\n\t\t\t\t<div class=\"elementor-element elementor-element-7c12682 elementor-widget elementor-widget-text-editor\" data-id=\"7c12682\" data-element_type=\"widget\" data-widget_type=\"text-editor.default\">\n\t\t\t\t<div class=\"elementor-widget-container\">\n\t\t\t\t\t\t\t\t\t<h2>POL\u00cdTICA DE FABRICACI\u00d3N<\/h2>\t\t\t\t\t\t\t\t<\/div>\n\t\t\t\t<\/div>\n\t\t\t\t<div class=\"elementor-element elementor-element-9753185 elementor-widget elementor-widget-text-editor\" data-id=\"9753185\" data-element_type=\"widget\" data-widget_type=\"text-editor.default\">\n\t\t\t\t<div class=\"elementor-widget-container\">\n\t\t\t\t\t\t\t\t\t<p>La mayor\u00eda de nuestros productos se fabrican por encargo, lo que significa que comenzamos a fabricarlos solo despu\u00e9s de que se confirme y reciba el pago.\u00a0<\/p><p>Por lo general, se tarda 2 semanas en que tu producto est\u00e9 listo para el env\u00edo. Por favor, ten en cuenta que el tiempo total para que tu producto llegue es de 2 semanas para la fabricaci\u00f3n m\u00e1s el tiempo que tarda la empresa de env\u00edos en llegar a tu ubicaci\u00f3n.<\/p><p>Todos nuestros productos hechos a mano tienen una nota en la descripci\u00f3n del producto que indica que tomar\u00e1 2 semanas para la fabricaci\u00f3n, para que sepas que ese ser\u00e1 el tiempo de fabricaci\u00f3n antes del env\u00edo.<\/p><p>Los productos que no son hechos a mano no tienen esta advertencia y est\u00e1n listos para el env\u00edo de inmediato. Si est\u00e1n agotados, la p\u00e1gina no te permitir\u00e1 comprarlos.<\/p><p>Si necesitas un producto hecho a mano de inmediato, tenemos algunos en stock. Por favor, cont\u00e1ctanos por correo electr\u00f3nico para informarte sobre los modelos que tenemos disponibles en el momento de la comunicaci\u00f3n.<\/p>\t\t\t\t\t\t\t\t<\/div>\n\t\t\t\t<\/div>\n\t\t\t\t<div class=\"elementor-element elementor-element-a8f2f16 elementor-widget elementor-widget-text-editor\" data-id=\"a8f2f16\" data-element_type=\"widget\" data-widget_type=\"text-editor.default\">\n\t\t\t\t<div class=\"elementor-widget-container\">\n\t\t\t\t\t\t\t\t\t<h2>POL\u00cdTICA DE ENV\u00cdO<\/h2>\t\t\t\t\t\t\t\t<\/div>\n\t\t\t\t<\/div>\n\t\t\t\t<div class=\"elementor-element elementor-element-2a0d4f3 elementor-widget elementor-widget-text-editor\" data-id=\"2a0d4f3\" data-element_type=\"widget\" data-widget_type=\"text-editor.default\">\n\t\t\t\t<div class=\"elementor-widget-container\">\n\t\t\t\t\t\t\t\t\t<h3>Env\u00edos Locales<\/h3>\t\t\t\t\t\t\t\t<\/div>\n\t\t\t\t<\/div>\n\t\t\t\t<div class=\"elementor-element elementor-element-5ddb79b elementor-widget elementor-widget-text-editor\" data-id=\"5ddb79b\" data-element_type=\"widget\" data-widget_type=\"text-editor.default\">\n\t\t\t\t<div class=\"elementor-widget-container\">\n\t\t\t\t\t\t\t\t\t<p>El env\u00edo est\u00e1ndar se utiliza para todos los env\u00edos, a menos que se indique lo contrario. Es tu responsabilidad contactarnos si necesitas un env\u00edo m\u00e1s r\u00e1pido, confirmaci\u00f3n de firma, seguro u otras mejoras. No somos responsables por paquetes perdidos o robados.<\/p><p>Si el servicio de env\u00edo devuelve un pedido que no se puede entregar por alguna raz\u00f3n (direcci\u00f3n insuficiente, rechazado, paquete no recogido, etc.), se cobrar\u00e1 una tarifa adicional de env\u00edo para devolver el paquete a ti, una vez que haya sido devuelto a nosotros. No aceptamos devoluciones en estos pedidos a menos que cumplan con nuestras pol\u00edticas de devoluci\u00f3n. No somos responsables por paquetes perdidos o robados.<\/p><p>En algunos casos, cuando se necesita una comunicaci\u00f3n adicional, el env\u00edo puede retrasarse hasta que se complete la comunicaci\u00f3n.<\/p><p>No aceptamos solicitudes de cambio de direcci\u00f3n.<\/p><p>Si surgen problemas con un pedido (da\u00f1ado, faltante, etc.) y no recibimos respuesta del comprador dentro de los 14 d\u00edas, consideraremos que el problema est\u00e1 resuelto.<\/p><p>Nos reservamos el derecho de enviar los art\u00edculos a nuestra discreci\u00f3n; en ciertos casos, los art\u00edculos pueden ser enviados por separado. Esto siempre es en el mejor inter\u00e9s de los productos.<\/p>\t\t\t\t\t\t\t\t<\/div>\n\t\t\t\t<\/div>\n\t\t\t\t<div class=\"elementor-element elementor-element-174ebf7 elementor-widget elementor-widget-text-editor\" data-id=\"174ebf7\" data-element_type=\"widget\" data-widget_type=\"text-editor.default\">\n\t\t\t\t<div class=\"elementor-widget-container\">\n\t\t\t\t\t\t\t\t\t<h3>Env\u00edos Internacionales<\/h3>\t\t\t\t\t\t\t\t<\/div>\n\t\t\t\t<\/div>\n\t\t\t\t<div class=\"elementor-element elementor-element-d2e1d93 elementor-widget elementor-widget-text-editor\" data-id=\"d2e1d93\" data-element_type=\"widget\" data-widget_type=\"text-editor.default\">\n\t\t\t\t<div class=\"elementor-widget-container\">\n\t\t\t\t\t\t\t\t\t<p>Es responsabilidad del comprador asegurarse de que se cumplan los requisitos de importaci\u00f3n y exportaci\u00f3n de su pa\u00eds; el incumplimiento de estos requisitos puede resultar en la incautaci\u00f3n de su env\u00edo. Usted es responsable de cualquier impuesto aduanero, tarifas o cargos que puedan ocurrir. Puede contactar con el departamento de aduanas de su pa\u00eds antes de realizar el pedido para averiguar cu\u00e1les ser\u00e1n estos cargos. Si el comprador rechaza el paquete por cualquier motivo, no se emitir\u00e1 un reembolso. No tenemos contacto con agencias de aduanas extranjeras. Si su pedido queda retenido en aduanas y luego es devuelto a nosotros por cualquier motivo, y usted prefiere un reembolso en lugar de pagar una tarifa de reenv\u00edo, se cobrar\u00e1 una tarifa de reposici\u00f3n de existencias.<\/p><p>No podemos ni vamos a cambiar el precio de un pedido en la informaci\u00f3n aduanera, ya que esto no es legal.<\/p><p>El env\u00edo est\u00e1ndar se utiliza para todos los env\u00edos, a menos que se indique lo contrario. Es tu responsabilidad contactarnos si necesitas un env\u00edo m\u00e1s r\u00e1pido, confirmaci\u00f3n de firma, seguro u otras mejoras. No somos responsables por paquetes perdidos o robados.<\/p><p>Si el servicio de env\u00edo devuelve un pedido que no se puede entregar por alguna raz\u00f3n (direcci\u00f3n insuficiente, rechazado, paquete no recogido, etc.), se cobrar\u00e1 una tarifa adicional de env\u00edo para devolver el paquete a ti, una vez que haya sido devuelto a nosotros. No aceptamos devoluciones en estos pedidos a menos que cumplan con nuestras pol\u00edticas de devoluci\u00f3n. No somos responsables por paquetes perdidos o robados.<\/p><p>En algunos casos, cuando se necesita una comunicaci\u00f3n adicional, el env\u00edo puede retrasarse hasta que se complete la comunicaci\u00f3n.<\/p><p>No aceptamos solicitudes de cambio de direcci\u00f3n.<\/p><p>Si surgen problemas con un pedido (da\u00f1ado, faltante, etc.) y no recibimos respuesta del comprador dentro de los 14 d\u00edas, consideraremos que el problema est\u00e1 resuelto.<\/p><p>Nos reservamos el derecho de enviar los art\u00edculos a nuestra discreci\u00f3n; en ciertos casos, los art\u00edculos pueden ser enviados por separado. Esto siempre es en el mejor inter\u00e9s de los productos.<\/p>\t\t\t\t\t\t\t\t<\/div>\n\t\t\t\t<\/div>\n\t\t\t\t<div class=\"elementor-element elementor-element-47f18a9 elementor-widget elementor-widget-text-editor\" data-id=\"47f18a9\" data-element_type=\"widget\" data-widget_type=\"text-editor.default\">\n\t\t\t\t<div class=\"elementor-widget-container\">\n\t\t\t\t\t\t\t\t\t<h3>Pa\u00edses a los que podemos enviar:<\/h3>\t\t\t\t\t\t\t\t<\/div>\n\t\t\t\t<\/div>\n\t\t\t\t<div class=\"elementor-element elementor-element-5a983db elementor-widget elementor-widget-text-editor\" data-id=\"5a983db\" data-element_type=\"widget\" data-widget_type=\"text-editor.default\">\n\t\t\t\t<div class=\"elementor-widget-container\">\n\t\t\t\t\t\t\t\t\t<p>For all our international shippings we use DHL, they have coverage in 220 countries around the world.<\/p><p>We can ship to any country that has a DHL office, for now we can ship to North America, South America and Europe.<\/p><p>If you are in any other continent and your countrie has a DHL office, write us to check with DHL how can we ship to you because we already know we can reach any country that has DHL.<\/p>\t\t\t\t\t\t\t\t<\/div>\n\t\t\t\t<\/div>\n\t\t\t\t<div class=\"elementor-element elementor-element-5fb7088 elementor-widget elementor-widget-text-editor\" data-id=\"5fb7088\" data-element_type=\"widget\" data-widget_type=\"text-editor.default\">\n\t\t\t\t<div class=\"elementor-widget-container\">\n\t\t\t\t\t\t\t\t\t<h2>POL\u00cdTICAS ADICIONALES<\/h2>\t\t\t\t\t\t\t\t<\/div>\n\t\t\t\t<\/div>\n\t\t\t\t<div class=\"elementor-element elementor-element-6f46d2d elementor-widget elementor-widget-text-editor\" data-id=\"6f46d2d\" data-element_type=\"widget\" data-widget_type=\"text-editor.default\">\n\t\t\t\t<div class=\"elementor-widget-container\">\n\t\t\t\t\t\t\t\t\t<p>Si solicita que entreguemos el pedido en varios env\u00edos, es posible que le cobremos costos adicionales de entrega, los cuales se le informar\u00e1n en el momento del pago. Cada env\u00edo individual constituir\u00e1 un contrato independiente. Si retrasamos la entrega de un env\u00edo o uno de los env\u00edos es incorrecto, esto no le dar\u00e1 derecho a solicitar un reembolso y devoluci\u00f3n de ning\u00fan otro env\u00edo.<\/p><p>Debido a contingencias fuera de nuestro control, los plazos de entrega pueden extenderse m\u00e1s all\u00e1 de lo establecido en nuestros t\u00e9rminos y condiciones. El simple hecho de superar un plazo de entrega no le otorga ning\u00fan derecho a compensaci\u00f3n.<\/p><p>Le informamos que los plazos de entrega para las compras realizadas durante per\u00edodos de alta demanda pueden extenderse hasta 3 d\u00edas h\u00e1biles adicionales a nuestros plazos habituales.<\/p><p>\u00a0<\/p><p>La foto principal no refleja directamente el tama\u00f1o real de la pieza o piezas. Esperamos que todos los compradores vean todas las fotos y lean las descripciones completas del listado para tener una idea adecuada de la pieza o piezas que est\u00e1n comprando. Los pesos y tama\u00f1os son aproximaciones muy cercanas; los tama\u00f1os pueden variar ligeramente debido a la forma en que se intente medir. Generalmente, medimos en direcci\u00f3n longitudinal.<\/p><p>Tenga en cuenta que los colores pueden variar ligeramente de un monitor a otro dependiendo de la configuraci\u00f3n de su pantalla.<\/p><p>Por favor, tenga cuidado y precauci\u00f3n al abrir su pedido. Algunos art\u00edculos son peque\u00f1os (por ejemplo, control remoto), por lo que recomendamos desembalar en una superficie plana y limpia o en un lugar donde no tenga que preocuparse por da\u00f1ar sus nuevas piezas. Aseg\u00farese de revisar todo el material de embalaje antes de desecharlo. Nos reservamos el derecho de reenviar o reembolsar en el raro caso de reclamaciones por art\u00edculos faltantes.<\/p><p>No ofrecemos soporte telef\u00f3nico, pero podemos comunicarnos por correo electr\u00f3nico a opusmagnumcol@gmail.com<\/p><p>\u00a0<\/p><p>Como comprador, eres totalmente responsable de leer y comprender a fondo las descripciones de nuestros productos y las pol\u00edticas de la tienda. Al hacer un pedido en nuestra tienda, est\u00e1s aceptando cumplir con todas nuestras pol\u00edticas. \u00a1Gracias!<\/p>\t\t\t\t\t\t\t\t<\/div>\n\t\t\t\t<\/div>\n\t\t\t\t\t<\/div>\n\t\t<\/div>\n\t\t\t\t\t<\/div>\n\t\t<\/section>\n\t\t\t\t<\/div>","protected":false},"excerpt":{"rendered":"<p>MANUFACTURE &amp; SHIPPING POLICY MANUFACTURE POLICY The majority of our product are made by order, it means that we start manufacting them just after the payment is confirmed and received.\u00a0 It usually takes 2 weeks for your product to be ready for shipping, please take into consideration that the total time for your product to [&hellip;]<\/p>","protected":false},"author":1,"featured_media":0,"parent":0,"menu_order":0,"comment_status":"closed","ping_status":"closed","template":"","meta":{"footnotes":""},"_links":{"self":[{"href":"https:\/\/opusmagnumcol.com\/es\/wp-json\/wp\/v2\/pages\/3618"}],"collection":[{"href":"https:\/\/opusmagnumcol.com\/es\/wp-json\/wp\/v2\/pages"}],"about":[{"href":"https:\/\/opusmagnumcol.com\/es\/wp-json\/wp\/v2\/types\/page"}],"author":[{"embeddable":true,"href":"https:\/\/opusmagnumcol.com\/es\/wp-json\/wp\/v2\/users\/1"}],"replies":[{"embeddable":true,"href":"https:\/\/opusmagnumcol.com\/es\/wp-json\/wp\/v2\/comments?post=3618"}],"version-history":[{"count":10,"href":"https:\/\/opusmagnumcol.com\/es\/wp-json\/wp\/v2\/pages\/3618\/revisions"}],"predecessor-version":[{"id":3729,"href":"https:\/\/opusmagnumcol.com\/es\/wp-json\/wp\/v2\/pages\/3618\/revisions\/3729"}],"wp:attachment":[{"href":"https:\/\/opusmagnumcol.com\/es\/wp-json\/wp\/v2\/media?parent=3618"}],"curies":[{"name":"wp","href":"https:\/\/api.w.org\/{rel}","templated":true}]}}