{"id":3607,"date":"2024-07-25T22:53:58","date_gmt":"2024-07-26T03:53:58","guid":{"rendered":"https:\/\/opusmagnumcol.com\/?page_id=3607"},"modified":"2024-07-29T16:47:35","modified_gmt":"2024-07-29T21:47:35","slug":"privacy-policy","status":"publish","type":"page","link":"https:\/\/opusmagnumcol.com\/es\/privacy-policy\/","title":{"rendered":"Pol\u00edtica de Privacidad"},"content":{"rendered":"<div data-elementor-type=\"wp-page\" data-elementor-id=\"3607\" class=\"elementor elementor-3607\">\n\t\t\t\t\t\t<section class=\"elementor-section elementor-top-section elementor-element elementor-element-f7a5cf1 elementor-section-boxed elementor-section-height-default elementor-section-height-default\" data-id=\"f7a5cf1\" data-element_type=\"section\">\n\t\t\t\t\t\t<div class=\"elementor-container elementor-column-gap-default\">\n\t\t\t\t\t<div class=\"aux-parallax-section elementor-column elementor-col-100 elementor-top-column elementor-element elementor-element-12a4c13\" data-id=\"12a4c13\" data-element_type=\"column\">\n\t\t\t<div class=\"elementor-widget-wrap elementor-element-populated\">\n\t\t\t\t\t\t<div class=\"elementor-element elementor-element-78d3a8c elementor-widget elementor-widget-text-editor\" data-id=\"78d3a8c\" data-element_type=\"widget\" data-widget_type=\"text-editor.default\">\n\t\t\t\t<div class=\"elementor-widget-container\">\n\t\t\t\t\t\t\t\t\t<h1>POL\u00cdTICA DE PRIVACIDAD<\/h1>\t\t\t\t\t\t\t\t<\/div>\n\t\t\t\t<\/div>\n\t\t\t\t<div class=\"elementor-element elementor-element-f44c8df elementor-widget elementor-widget-text-editor\" data-id=\"f44c8df\" data-element_type=\"widget\" data-widget_type=\"text-editor.default\">\n\t\t\t\t<div class=\"elementor-widget-container\">\n\t\t\t\t\t\t\t\t\t<p><strong>La protecci\u00f3n de tus datos es fundamental para nosotros.<\/strong><\/p><p>De acuerdo con la Ley 1581 de 2012, el Decreto 1074 de 2015 y cualquier normativa que las modifique, complemente o sustituya, Opus Magnum Colombia, con direcci\u00f3n principal en Carrera 16A #70-74 en la ciudad de Manizales, Colombia, recopilar\u00e1, usar\u00e1, almacenar\u00e1, circular\u00e1, transmitir\u00e1, transferir\u00e1 y, en general, tratar\u00e1 tus datos personales, en su calidad de Responsable del Tratamiento. El tratamiento de tus datos personales se llevar\u00e1 a cabo para (i) mejorar nuestros productos y servicios; (ii) procesar tus pedidos; (iii) realizar verificaciones para evaluar tu solvencia crediticia y prevenir el fraude; (iv) proporcionar un servicio al cliente adecuado; (v) realizar estudios publicitarios, de marketing y de opini\u00f3n; (vi) ofrecer productos, servicios, descuentos, promociones, eventos, concursos, entre otros; (vii) identificar y autenticar tu identidad; (viii) gestionar aplicaciones y redes sociales; (ix) mejorar nuestros datos; (x) evaluar h\u00e1bitos de navegaci\u00f3n; (xi) perfilar a nuestros clientes y visitantes; (xii) analizar el rendimiento; y (xiii) en general, desarrollar la actividad comercial de Opus Magnum.<\/p><p>Respetamos tu privacidad y estamos comprometidos a garantizar la seguridad y confidencialidad de tus datos. Nos esforzamos por ser completamente transparentes en el manejo de tu informaci\u00f3n personal.<\/p><p>En cualquier momento puedes:<\/p><ol><li>Ver o descargar tus datos personales<\/li><li>Modificar o corregir informaci\u00f3n personal<\/li><li>Cambiar tus preferencias de correo electr\u00f3nico<\/li><li>Eliminar tu perfil<\/li><\/ol><p>Todas estas acciones se pueden realizar iniciando sesi\u00f3n en nuestro sitio web y accediendo a la p\u00e1gina \u201cMi Cuenta\u201d. Tienes la libertad de hacer estos cambios de manera r\u00e1pida y sin necesidad de llamar al servicio de atenci\u00f3n al cliente. Tambi\u00e9n queremos asegurarte que solo utilizamos tus datos para mejorar nuestros productos y los servicios que te ofrecemos.<\/p><p><strong>Tus datos personales se utilizan para:<\/strong><\/p><ol><li>Procesar tus pedidos, mostrar tu historial de pedidos y ayudarte a gestionar tu cuenta de adidas.<\/li><li>Mantenerte informado sobre nuestros nuevos productos, noticias y ofertas especiales.<\/li><li>Mejorar tu experiencia de compra personalizando el contenido y las comunicaciones que recibes para que sean relevantes para ti.<\/li><li>Mejorar nuestros productos, servicios y sitios web bas\u00e1ndonos en tus comentarios.<\/li><li>Proporcionarte asistencia.<\/li><\/ol>\t\t\t\t\t\t\t\t<\/div>\n\t\t\t\t<\/div>\n\t\t\t\t\t<\/div>\n\t\t<\/div>\n\t\t\t\t\t<\/div>\n\t\t<\/section>\n\t\t\t\t<\/div>","protected":false},"excerpt":{"rendered":"<p>PRIVACY POLICY The protection of your data is fundamental to us. In accordance with Law 1581 of 2012, Decree 1074 of 2015, and any regulations that amend, complement, or replace them, Opus Magnum Colombia, with its main address at Carrera 16A #70-74 in the city of Manizales, Colombia, will collect, use, store, circulate, transmit, transfer, [&hellip;]<\/p>","protected":false},"author":1,"featured_media":0,"parent":0,"menu_order":0,"comment_status":"closed","ping_status":"closed","template":"","meta":{"footnotes":""},"_links":{"self":[{"href":"https:\/\/opusmagnumcol.com\/es\/wp-json\/wp\/v2\/pages\/3607"}],"collection":[{"href":"https:\/\/opusmagnumcol.com\/es\/wp-json\/wp\/v2\/pages"}],"about":[{"href":"https:\/\/opusmagnumcol.com\/es\/wp-json\/wp\/v2\/types\/page"}],"author":[{"embeddable":true,"href":"https:\/\/opusmagnumcol.com\/es\/wp-json\/wp\/v2\/users\/1"}],"replies":[{"embeddable":true,"href":"https:\/\/opusmagnumcol.com\/es\/wp-json\/wp\/v2\/comments?post=3607"}],"version-history":[{"count":10,"href":"https:\/\/opusmagnumcol.com\/es\/wp-json\/wp\/v2\/pages\/3607\/revisions"}],"predecessor-version":[{"id":3665,"href":"https:\/\/opusmagnumcol.com\/es\/wp-json\/wp\/v2\/pages\/3607\/revisions\/3665"}],"wp:attachment":[{"href":"https:\/\/opusmagnumcol.com\/es\/wp-json\/wp\/v2\/media?parent=3607"}],"curies":[{"name":"wp","href":"https:\/\/api.w.org\/{rel}","templated":true}]}}